{"id":22,"date":"2024-06-04T19:00:23","date_gmt":"2024-06-04T17:00:23","guid":{"rendered":"http:\/\/localhost\/wordpress\/?page_id=22"},"modified":"2024-06-04T19:00:30","modified_gmt":"2024-06-04T17:00:30","slug":"reembolso_devoluciones","status":"publish","type":"page","link":"https:\/\/evabenal.com\/en\/reembolso_devoluciones\/","title":{"rendered":"Return and refund policy"},"content":{"rendered":"<p>The team at Eva Benal, strives to offer high quality products and hopes that you will be completely satisfied with your purchase. However, we understand that occasionally you may need to make an exchange. Please find below our return and refund policy:<\/p>\n\n\n\n<p><strong>Deadline for refunds:<\/strong><\/p>\n\n\n\n<p>You have 14 calendar days from the date of receipt to request an exchange of your artwork. In this case, you will be responsible for the shipping costs, which must be paid by a private courier company. There is also the possibility of being issued a voucher to purchase one or more works for the amount of the return at any other time.<\/p>\n\n\n\n<p><strong>Eligible products for refund:<\/strong><\/p>\n\n\n\n<p>We only accept returns of artwork that is in its original, undamaged condition. Personalised or custom-made items are not eligible for return.<\/p>\n\n\n\n<p><strong>Process for requesting a change:<\/strong><\/p>\n\n\n\n<p>Please contact our customer service team by sending a message to evabenalshop@gmail.com within 14 calendar days after the arrival of the artwork.<\/p>\n\n\n\n<p>Please indicate the reason for your exchange request and provide the order number.<\/p>\n\n\n\n<p>We will provide you with instructions on how to send back the artwork.<\/p>\n\n\n\n<p><strong>Refund shipping costs:<\/strong><\/p>\n\n\n\n<p>Shipping costs for returns are to be borne by the customer. We recommend using a trackable shipping service to guarantee delivery.&nbsp;<\/p>\n\n\n\n<p><strong>Conditions of return:<\/strong><\/p>\n\n\n\n<ul class=\"wp-block-list\">\n<li>The artwork must be in its original packaging and undamaged.<\/li>\n\n\n\n<li>Include a copy of the voucher with the return.<\/li>\n<\/ul>\n\n\n\n<p><strong>Process of change:<\/strong><\/p>\n\n\n\n<p>Once we receive the artwork and its condition has been verified, we will process your exchange request. Please note that the new item will be shipped once we have received and checked the returned product.<\/p>\n\n\n\n<p><strong>Reimbursements:<\/strong><\/p>\n\n\n\n<p>The refund will be made to the same bank account used to place the order. The refund will only refer to the price of the work paid by the user in due time and form, and once the work has been received. If the return is made after the deadline or in inadequate packaging conditions that cause damage to the work, the return costs will not be reimbursed.&nbsp;<\/p>\n\n\n\n<p><strong>Exceptions<\/strong>:<\/p>\n\n\n\n<ul class=\"wp-block-list\">\n<li>If the artwork arrives damaged, please contact us immediately to resolve the situation.<\/li>\n\n\n\n<li>Works of art purchased during special events or sales are not eligible for return or exchange.<\/li>\n<\/ul>\n\n\n\n<p>We appreciate your understanding and cooperation. For any further questions, please do not hesitate to contact us.<\/p>\n\n\n\n<p>Thank you for trusting Eva Benal's team.<\/p>","protected":false},"excerpt":{"rendered":"<p>El equipo de Eva Benal, se esfuerza por ofrecer productos de alta calidad y espera que est\u00e9 completamente satisfecho con su compra. Sin embargo, entendemos que ocasionalmente pueda necesitar realizar alg\u00fan cambio. A continuaci\u00f3n, le presentamos nuestra pol\u00edtica de devoluciones y reembolsos: Plazo para devoluciones: Dispone de un plazo de 14 d\u00edas naturales a partir [&hellip;]<\/p>\n","protected":false},"author":1,"featured_media":0,"parent":0,"menu_order":0,"comment_status":"closed","ping_status":"closed","template":"","meta":{"footnotes":""},"class_list":["post-22","page","type-page","status-publish","hentry"],"blocksy_meta":[],"yoast_head":"<!-- This site is optimized with the Yoast SEO plugin v27.4 - https:\/\/yoast.com\/product\/yoast-seo-wordpress\/ -->\n<title>Pol\u00edtica de devoluciones y reembolsos - Eva Benal<\/title>\n<meta name=\"robots\" content=\"index, follow, max-snippet:-1, max-image-preview:large, max-video-preview:-1\" \/>\n<link rel=\"canonical\" href=\"https:\/\/evabenal.com\/en\/reembolso_devoluciones\/\" \/>\n<meta property=\"og:locale\" content=\"en_GB\" \/>\n<meta property=\"og:type\" content=\"article\" \/>\n<meta property=\"og:title\" content=\"Pol\u00edtica de devoluciones y reembolsos - Eva Benal\" \/>\n<meta property=\"og:description\" content=\"El equipo de Eva Benal, se esfuerza por ofrecer productos de alta calidad y espera que est\u00e9 completamente satisfecho con su compra. Sin embargo, entendemos que ocasionalmente pueda necesitar realizar alg\u00fan cambio. A continuaci\u00f3n, le presentamos nuestra pol\u00edtica de devoluciones y reembolsos: Plazo para devoluciones: Dispone de un plazo de 14 d\u00edas naturales a partir [&hellip;]\" \/>\n<meta property=\"og:url\" content=\"https:\/\/evabenal.com\/en\/reembolso_devoluciones\/\" \/>\n<meta property=\"og:site_name\" content=\"Eva Benal\" \/>\n<meta property=\"article:publisher\" content=\"https:\/\/www.facebook.com\/evabenalph\" \/>\n<meta property=\"article:modified_time\" content=\"2024-06-04T17:00:30+00:00\" \/>\n<meta name=\"twitter:card\" content=\"summary_large_image\" \/>\n<meta name=\"twitter:site\" content=\"@evabenal\" \/>\n<meta name=\"twitter:label1\" content=\"Estimated reading time\" \/>\n\t<meta name=\"twitter:data1\" content=\"2 minutes\" \/>\n<script type=\"application\/ld+json\" class=\"yoast-schema-graph\">{\"@context\":\"https:\\\/\\\/schema.org\",\"@graph\":[{\"@type\":\"WebPage\",\"@id\":\"https:\\\/\\\/evabenal.com\\\/reembolso_devoluciones\\\/\",\"url\":\"https:\\\/\\\/evabenal.com\\\/reembolso_devoluciones\\\/\",\"name\":\"Pol\u00edtica de devoluciones y reembolsos - Eva Benal\",\"isPartOf\":{\"@id\":\"https:\\\/\\\/evabenal.com\\\/#website\"},\"datePublished\":\"2024-06-04T17:00:23+00:00\",\"dateModified\":\"2024-06-04T17:00:30+00:00\",\"breadcrumb\":{\"@id\":\"https:\\\/\\\/evabenal.com\\\/reembolso_devoluciones\\\/#breadcrumb\"},\"inLanguage\":\"en-GB\",\"potentialAction\":[{\"@type\":\"ReadAction\",\"target\":[\"https:\\\/\\\/evabenal.com\\\/reembolso_devoluciones\\\/\"]}]},{\"@type\":\"BreadcrumbList\",\"@id\":\"https:\\\/\\\/evabenal.com\\\/reembolso_devoluciones\\\/#breadcrumb\",\"itemListElement\":[{\"@type\":\"ListItem\",\"position\":1,\"name\":\"Portada\",\"item\":\"https:\\\/\\\/evabenal.com\\\/\"},{\"@type\":\"ListItem\",\"position\":2,\"name\":\"Pol\u00edtica de devoluciones y reembolsos\"}]},{\"@type\":\"WebSite\",\"@id\":\"https:\\\/\\\/evabenal.com\\\/#website\",\"url\":\"https:\\\/\\\/evabenal.com\\\/\",\"name\":\"Eva Benal\",\"description\":\"My name is Eva Benal, I am a visual and 3D artist\",\"publisher\":{\"@id\":\"https:\\\/\\\/evabenal.com\\\/#\\\/schema\\\/person\\\/f83ae42c801fcce05a27956faf973660\"},\"potentialAction\":[{\"@type\":\"SearchAction\",\"target\":{\"@type\":\"EntryPoint\",\"urlTemplate\":\"https:\\\/\\\/evabenal.com\\\/?s={search_term_string}\"},\"query-input\":{\"@type\":\"PropertyValueSpecification\",\"valueRequired\":true,\"valueName\":\"search_term_string\"}}],\"inLanguage\":\"en-GB\"},{\"@type\":[\"Person\",\"Organization\"],\"@id\":\"https:\\\/\\\/evabenal.com\\\/#\\\/schema\\\/person\\\/f83ae42c801fcce05a27956faf973660\",\"name\":\"evabenal\",\"image\":{\"@type\":\"ImageObject\",\"inLanguage\":\"en-GB\",\"@id\":\"https:\\\/\\\/evabenal.com\\\/wp-content\\\/uploads\\\/2024\\\/01\\\/Benal_Eva_Imaginacio_2.jpg\",\"url\":\"https:\\\/\\\/evabenal.com\\\/wp-content\\\/uploads\\\/2024\\\/01\\\/Benal_Eva_Imaginacio_2.jpg\",\"contentUrl\":\"https:\\\/\\\/evabenal.com\\\/wp-content\\\/uploads\\\/2024\\\/01\\\/Benal_Eva_Imaginacio_2.jpg\",\"width\":824,\"height\":1024,\"caption\":\"evabenal\"},\"logo\":{\"@id\":\"https:\\\/\\\/evabenal.com\\\/wp-content\\\/uploads\\\/2024\\\/01\\\/Benal_Eva_Imaginacio_2.jpg\"},\"sameAs\":[\"https:\\\/\\\/evabenal.com\",\"https:\\\/\\\/www.facebook.com\\\/evabenalph\",\"https:\\\/\\\/www.instagram.com\\\/evabenal\\\/\",\"https:\\\/\\\/x.com\\\/https:\\\/\\\/twitter.com\\\/evabenal\"]}]}<\/script>\n<!-- \/ Yoast SEO plugin. -->","yoast_head_json":{"title":"Pol\u00edtica de devoluciones y reembolsos - Eva Benal","robots":{"index":"index","follow":"follow","max-snippet":"max-snippet:-1","max-image-preview":"max-image-preview:large","max-video-preview":"max-video-preview:-1"},"canonical":"https:\/\/evabenal.com\/en\/reembolso_devoluciones\/","og_locale":"en_GB","og_type":"article","og_title":"Pol\u00edtica de devoluciones y reembolsos - Eva Benal","og_description":"El equipo de Eva Benal, se esfuerza por ofrecer productos de alta calidad y espera que est\u00e9 completamente satisfecho con su compra. Sin embargo, entendemos que ocasionalmente pueda necesitar realizar alg\u00fan cambio. A continuaci\u00f3n, le presentamos nuestra pol\u00edtica de devoluciones y reembolsos: Plazo para devoluciones: Dispone de un plazo de 14 d\u00edas naturales a partir [&hellip;]","og_url":"https:\/\/evabenal.com\/en\/reembolso_devoluciones\/","og_site_name":"Eva Benal","article_publisher":"https:\/\/www.facebook.com\/evabenalph","article_modified_time":"2024-06-04T17:00:30+00:00","twitter_card":"summary_large_image","twitter_site":"@evabenal","twitter_misc":{"Estimated reading time":"2 minutes"},"schema":{"@context":"https:\/\/schema.org","@graph":[{"@type":"WebPage","@id":"https:\/\/evabenal.com\/reembolso_devoluciones\/","url":"https:\/\/evabenal.com\/reembolso_devoluciones\/","name":"Pol\u00edtica de devoluciones y reembolsos - Eva Benal","isPartOf":{"@id":"https:\/\/evabenal.com\/#website"},"datePublished":"2024-06-04T17:00:23+00:00","dateModified":"2024-06-04T17:00:30+00:00","breadcrumb":{"@id":"https:\/\/evabenal.com\/reembolso_devoluciones\/#breadcrumb"},"inLanguage":"en-GB","potentialAction":[{"@type":"ReadAction","target":["https:\/\/evabenal.com\/reembolso_devoluciones\/"]}]},{"@type":"BreadcrumbList","@id":"https:\/\/evabenal.com\/reembolso_devoluciones\/#breadcrumb","itemListElement":[{"@type":"ListItem","position":1,"name":"Portada","item":"https:\/\/evabenal.com\/"},{"@type":"ListItem","position":2,"name":"Pol\u00edtica de devoluciones y reembolsos"}]},{"@type":"WebSite","@id":"https:\/\/evabenal.com\/#website","url":"https:\/\/evabenal.com\/","name":"Eva Benal","description":"My name is Eva Benal, I am a visual and 3D artist","publisher":{"@id":"https:\/\/evabenal.com\/#\/schema\/person\/f83ae42c801fcce05a27956faf973660"},"potentialAction":[{"@type":"SearchAction","target":{"@type":"EntryPoint","urlTemplate":"https:\/\/evabenal.com\/?s={search_term_string}"},"query-input":{"@type":"PropertyValueSpecification","valueRequired":true,"valueName":"search_term_string"}}],"inLanguage":"en-GB"},{"@type":["Person","Organization"],"@id":"https:\/\/evabenal.com\/#\/schema\/person\/f83ae42c801fcce05a27956faf973660","name":"evabenal","image":{"@type":"ImageObject","inLanguage":"en-GB","@id":"https:\/\/evabenal.com\/wp-content\/uploads\/2024\/01\/Benal_Eva_Imaginacio_2.jpg","url":"https:\/\/evabenal.com\/wp-content\/uploads\/2024\/01\/Benal_Eva_Imaginacio_2.jpg","contentUrl":"https:\/\/evabenal.com\/wp-content\/uploads\/2024\/01\/Benal_Eva_Imaginacio_2.jpg","width":824,"height":1024,"caption":"evabenal"},"logo":{"@id":"https:\/\/evabenal.com\/wp-content\/uploads\/2024\/01\/Benal_Eva_Imaginacio_2.jpg"},"sameAs":["https:\/\/evabenal.com","https:\/\/www.facebook.com\/evabenalph","https:\/\/www.instagram.com\/evabenal\/","https:\/\/x.com\/https:\/\/twitter.com\/evabenal"]}]}},"jetpack_sharing_enabled":true,"_links":{"self":[{"href":"https:\/\/evabenal.com\/en\/wp-json\/wp\/v2\/pages\/22","targetHints":{"allow":["GET"]}}],"collection":[{"href":"https:\/\/evabenal.com\/en\/wp-json\/wp\/v2\/pages"}],"about":[{"href":"https:\/\/evabenal.com\/en\/wp-json\/wp\/v2\/types\/page"}],"author":[{"embeddable":true,"href":"https:\/\/evabenal.com\/en\/wp-json\/wp\/v2\/users\/1"}],"replies":[{"embeddable":true,"href":"https:\/\/evabenal.com\/en\/wp-json\/wp\/v2\/comments?post=22"}],"version-history":[{"count":0,"href":"https:\/\/evabenal.com\/en\/wp-json\/wp\/v2\/pages\/22\/revisions"}],"wp:attachment":[{"href":"https:\/\/evabenal.com\/en\/wp-json\/wp\/v2\/media?parent=22"}],"curies":[{"name":"wp","href":"https:\/\/api.w.org\/{rel}","templated":true}]}}