{"id":581,"date":"2024-06-05T17:31:03","date_gmt":"2024-06-05T15:31:03","guid":{"rendered":"http:\/\/localhost\/wordpress\/?page_id=581"},"modified":"2024-06-06T19:33:50","modified_gmt":"2024-06-06T17:33:50","slug":"aviso-legal","status":"publish","type":"page","link":"https:\/\/evabenal.com\/en\/aviso-legal\/","title":{"rendered":"LEGAL NOTICE"},"content":{"rendered":"<h2 class=\"wp-block-heading\"><strong>LEGAL NOTICE<\/strong><\/h2>\n\n\n\n<p>Con la finalidad de dar cumplimiento al art\u00edculo 10 de la Ley 34\/2002 de Servicios de la Sociedad de la Informaci\u00f3n y Comercio Electr\u00f3nico, informamos al usuario de nuestros datos:<\/p>\n\n\n\n<ul class=\"wp-block-list\">\n<li>Corporate Name: Eva Benavent, hereinafter referred to as \"the Provider\".<\/li>\n\n\n\n<li>Trade Name: Eva Benal<\/li>\n\n\n\n<li>E-mail: info@evabenal.com<\/li>\n\n\n\n<li>Website: https:\/\/evabenal.com<\/li>\n<\/ul>\n\n\n\n<h3 class=\"wp-block-heading\">1. PURPOSE<\/h3>\n\n\n\n<p>El prestador, responsable del sitio web, pone a disposici\u00f3n de los usuarios el presente documento, que regula el uso del sitio web http:\/\/evabenal.com, con el que pretende dar cumplimiento a las obligaciones dispuestas en la Ley 34\/2002, de Servicios de la Sociedad de la Informaci\u00f3n y del Comercio Electr\u00f3nico (LSSI-CE), as\u00ed como informar a todos los usuarios del sitio web respecto a cu\u00e1les son las condiciones de uso del sitio web.<\/p>\n\n\n\n<p>Any person accessing this website assumes the role of user (hereinafter user), committing to the observance and strict compliance with the provisions herein, as well as any other legal provision that may be applicable.<\/p>\n\n\n\n<p>The Provider reserves the right to modify any type of information that may appear on the website, without there being any obligation to give prior notice or inform users of said obligations, with publication on the Provider's website being understood to be sufficient.<\/p>\n\n\n\n<h3 class=\"wp-block-heading\">2. CONDITIONS FOR ACCESSING AND USING THE WEBSITE<\/h3>\n\n\n\n<h4 class=\"wp-block-heading\">2.1. FREE ACCESS AND USE OF THE WEBSITE<\/h4>\n\n\n\n<p>The provision of services by Eva Benavent is free of charge for all Users. However, some of the services provided by the Provider through the website are subject to the payment of a price determined in the general contracting conditions.<\/p>\n\n\n\n<h4 class=\"wp-block-heading\">2.2. VERACITY OF INFORMATION<\/h4>\n\n\n\n<p>All information provided by the User must be truthful. For these purposes, the User guarantees the authenticity of the data communicated through the forms for subscription to the Services. It is the User's responsibility to keep all the information provided to the Company permanently updated so that it corresponds, at all times, to his or her real situation. In any case, the User shall be solely responsible for any false or inaccurate statements made and for any damages caused to the provider or third parties.<\/p>\n\n\n\n<h4 class=\"wp-block-heading\">2.3. MINORS<\/h4>\n\n\n\n<p>In order to use the services, minors must always obtain prior consent from their parents, guardians or legal representatives, who are ultimately responsible for all acts carried out by minors in their care. The responsibility for determining the specific content to which minors have access lies with them, which is why if they access inappropriate content on the Internet, mechanisms must be established on their computers, in particular computer programmes, filters and blocks, which make it possible to limit the content available and, although they are not infallible, they are particularly useful for controlling and restricting the material that minors can access.<\/p>\n\n\n\n<h4 class=\"wp-block-heading\">2.4. OBLIGATION TO MAKE CORRECT USE OF THE WEBSITE<\/h4>\n\n\n\n<p>The User undertakes to use the Website in accordance with the Law and this Legal Notice, as well as morality and good customs. To this end, the User will refrain from using the page for illicit or prohibited purposes, harmful to the rights and interests of third parties, or which in any way may damage, render useless, overload, deteriorate or impede the normal use of computer equipment or documents, files and all types of content stored in any computer equipment of the provider.<\/p>\n\n\n\n<p>In particular, and by way of example but not exhaustively, the User undertakes not to transmit, disseminate or make available to third parties information, data, content, messages, graphics, drawings, sound or image files, photographs, recordings, software and, in general, any kind of material which:<\/p>\n\n\n\n<p>(a) is contrary to, disregards or infringes fundamental rights and civil liberties as recognised in the constitution, international treaties and other applicable law;<\/p>\n\n\n\n<p>(b) induces, incites or promotes criminal, degrading, defamatory, violent or, in general, unlawful, immoral or contrary to public order;<\/p>\n\n\n\n<p>(c) induces, incites or promotes discriminatory actions, attitudes or thoughts on grounds of sex, race, religion, belief, age or status;<\/p>\n\n\n\n<p>(d) is contrary to the right to honour, to personal or family privacy or to one's own image;<\/p>\n\n\n\n<p>(e) in any way damages the credibility of the provider or third parties; and<\/p>\n\n\n\n<p>(f) constitutes unlawful, misleading or unfair advertising.<\/p>\n\n\n\n<h3 class=\"wp-block-heading\">3. LIABILITY<\/h3>\n\n\n\n<p>The Provider disclaims any liability for the information published on its website, provided that this information has been manipulated or introduced by a third party external to the same.<\/p>\n\n\n\n<p>This website has been checked and tested to ensure that it functions correctly. In principle, it can be guaranteed to function correctly 365 days a year, 24 hours a day. However, the provider does not rule out the possibility of the existence of certain programming errors, or the occurrence of force majeure, natural disasters, strikes, or similar circumstances that make it impossible to access the website.<\/p>\n\n\n\n<p>The Provider does not grant any guarantee and is not liable, in any case, for damages of any nature that may arise from the lack of availability, maintenance and effective operation of the website or its services and contents; the existence of viruses, malicious or harmful programs in the contents; the illicit, negligent, fraudulent or contrary to this Legal Notice and conditions of use; or the lack of legality, quality, reliability, usefulness and availability of the services provided by third parties and ademanes available to users on the website.<\/p>\n\n\n\n<p>In no event shall the Provider be liable for any damages arising out of the illegal or improper use of this website.<\/p>\n\n\n\n<p>The Provider's website may use cookies (small information files that the server sends to the computer of the person accessing the page) to carry out certain functions that are considered essential for the correct operation and display of the site. The cookies used on the website are, in any case, of a temporary nature for the sole purpose of making subsequent transmission more efficient and disappear when the user's session ends.&nbsp;<\/p>\n\n\n\n<p>Under no circumstances will cookies be used to collect personal information. For more information, please read our <a href=\"https:\/\/evabenal.com\/en\/politica-de-cookies\/\">Cookie Policy<\/a>.<\/p>\n\n\n\n<p>From the website it is possible that you may be redirected to third party content. Given that the website cannot always control the content introduced by third parties, the Provider assumes no liability whatsoever with respect to this content. In any case, the Provider declares that it will immediately remove any content that could contravene national or international legislation, morality or public order, proceeding to the immediate withdrawal of the redirection to these websites, informing the competent authorities of the content in question.<\/p>\n\n\n\n<p>The Provider is not responsible for the information and content stored, including but not limited to, in forums, chats, blog generators, comments, social networks or any other medium that allows third parties to publish content independently of the provider's website. However, and in compliance with the provisions of art. 11 and 16 of the LSSICE, the provider makes itself available to all users, authorities and security forces, and actively collaborates in the removal or, where necessary, blocking of all content that may affect or contravene national or international legislation, the rights of third parties or morality and public order. In the event that the user considers that there may be any content that could be susceptible to this classification, please notify the website administrator immediately.<\/p>\n\n\n\n<h3 class=\"wp-block-heading\">4. PROTECTION OF PERSONAL DATA<\/h3>\n\n\n\n<p>The provider is deeply committed to compliance with personal data protection regulations and guarantees full compliance with the obligations set out, as well as the implementation of the security measures set out in the European Data Protection Regulation and Spanish data protection regulations. For more information, please read our <a href=\"https:\/\/evabenal.com\/en\/politica-de-privacidad\/\">Privacy Policy<\/a>.<\/p>\n\n\n\n<h3 class=\"wp-block-heading\">5. INTELLECTUAL AND INDUSTRIAL PROPERTY<\/h3>\n\n\n\n<p>The Website, including but not limited to its programming, editing, compilation and other elements necessary for its operation, the designs, logos, text and\/or graphics are the property of the provider or, where applicable, have a licence or express authorisation from the authors. All the contents of the website are duly protected by intellectual and industrial property regulations, as well as being registered in the corresponding public registers.&nbsp;<\/p>\n\n\n\n<p>Regardless of the purpose for which they were intended, the total or partial reproduction, use, exploitation, distribution and marketing, requires in any case the prior written authorisation of the provider. Any use not previously authorised by the provider will be considered a serious breach of the intellectual or industrial property rights of the author.<\/p>\n\n\n\n<p>The designs, logos, text and\/or graphics not belonging to the Provider and which may appear on the website belong to their respective owners, who are themselves responsible for any possible controversy that may arise with respect to the same. In any case, the provider has the express prior authorisation of the same.<\/p>\n\n\n\n<p>The Provider acknowledges in favour of their owners the corresponding industrial and intellectual property rights, and their mere mention or appearance on the website does not imply the existence of any rights or liability whatsoever of the provider over them, nor any endorsement, sponsorship or recommendation by the same.<\/p>\n\n\n\n<p>To make any comments regarding possible breaches of intellectual or industrial property rights, as well as any of the contents of the website, you can do so via the e-mail address that appears in the identification data at the beginning of this document.<\/p>\n\n\n\n<h3 class=\"wp-block-heading\">6. APPLICABLE LAW AND JURISDICTION<\/h3>\n\n\n\n<p>For the resolution of all disputes or questions related to this website or the activities carried out therein, Spanish legislation shall apply, to which the parties expressly submit themselves, and the Courts and Tribunals of the Community of Valencia shall be competent for the resolution of all disputes arising from or related to its use.<\/p>","protected":false},"excerpt":{"rendered":"<p>AVISO LEGAL Con la finalidad de dar cumplimiento al art\u00edculo 10 de la Ley 34\/2002 de Servicios de la Sociedad de la Informaci\u00f3n y Comercio Electr\u00f3nico, informamos al usuario de nuestros datos: 1. OBJETO El prestador, responsable del sitio web, pone a disposici\u00f3n de los usuarios el presente documento, que regula el uso del sitio [&hellip;]<\/p>\n","protected":false},"author":1,"featured_media":0,"parent":0,"menu_order":0,"comment_status":"closed","ping_status":"closed","template":"","meta":{"footnotes":""},"class_list":["post-581","page","type-page","status-publish","hentry"],"blocksy_meta":[],"yoast_head":"<!-- This site is optimized with the Yoast SEO plugin v27.4 - https:\/\/yoast.com\/product\/yoast-seo-wordpress\/ -->\n<title>AVISO LEGAL - Eva Benal<\/title>\n<meta name=\"robots\" content=\"index, follow, max-snippet:-1, max-image-preview:large, max-video-preview:-1\" \/>\n<link rel=\"canonical\" href=\"https:\/\/evabenal.com\/en\/aviso-legal\/\" \/>\n<meta property=\"og:locale\" content=\"en_GB\" \/>\n<meta property=\"og:type\" content=\"article\" \/>\n<meta property=\"og:title\" content=\"AVISO LEGAL - Eva Benal\" \/>\n<meta property=\"og:description\" content=\"AVISO LEGAL Con la finalidad de dar cumplimiento al art\u00edculo 10 de la Ley 34\/2002 de Servicios de la Sociedad de la Informaci\u00f3n y Comercio Electr\u00f3nico, informamos al usuario de nuestros datos: 1. OBJETO El prestador, responsable del sitio web, pone a disposici\u00f3n de los usuarios el presente documento, que regula el uso del sitio [&hellip;]\" \/>\n<meta property=\"og:url\" content=\"https:\/\/evabenal.com\/en\/aviso-legal\/\" \/>\n<meta property=\"og:site_name\" content=\"Eva Benal\" \/>\n<meta property=\"article:publisher\" content=\"https:\/\/www.facebook.com\/evabenalph\" \/>\n<meta property=\"article:modified_time\" content=\"2024-06-06T17:33:50+00:00\" \/>\n<meta name=\"twitter:card\" content=\"summary_large_image\" \/>\n<meta name=\"twitter:site\" content=\"@evabenal\" \/>\n<meta name=\"twitter:label1\" content=\"Estimated reading time\" \/>\n\t<meta name=\"twitter:data1\" content=\"8 minutes\" \/>\n<script type=\"application\/ld+json\" class=\"yoast-schema-graph\">{\"@context\":\"https:\\\/\\\/schema.org\",\"@graph\":[{\"@type\":\"WebPage\",\"@id\":\"https:\\\/\\\/evabenal.com\\\/aviso-legal\\\/\",\"url\":\"https:\\\/\\\/evabenal.com\\\/aviso-legal\\\/\",\"name\":\"AVISO LEGAL - Eva Benal\",\"isPartOf\":{\"@id\":\"https:\\\/\\\/evabenal.com\\\/#website\"},\"datePublished\":\"2024-06-05T15:31:03+00:00\",\"dateModified\":\"2024-06-06T17:33:50+00:00\",\"breadcrumb\":{\"@id\":\"https:\\\/\\\/evabenal.com\\\/aviso-legal\\\/#breadcrumb\"},\"inLanguage\":\"en-GB\",\"potentialAction\":[{\"@type\":\"ReadAction\",\"target\":[\"https:\\\/\\\/evabenal.com\\\/aviso-legal\\\/\"]}]},{\"@type\":\"BreadcrumbList\",\"@id\":\"https:\\\/\\\/evabenal.com\\\/aviso-legal\\\/#breadcrumb\",\"itemListElement\":[{\"@type\":\"ListItem\",\"position\":1,\"name\":\"Portada\",\"item\":\"https:\\\/\\\/evabenal.com\\\/\"},{\"@type\":\"ListItem\",\"position\":2,\"name\":\"AVISO LEGAL\"}]},{\"@type\":\"WebSite\",\"@id\":\"https:\\\/\\\/evabenal.com\\\/#website\",\"url\":\"https:\\\/\\\/evabenal.com\\\/\",\"name\":\"Eva Benal\",\"description\":\"My name is Eva Benal, I am a visual and 3D artist\",\"publisher\":{\"@id\":\"https:\\\/\\\/evabenal.com\\\/#\\\/schema\\\/person\\\/f83ae42c801fcce05a27956faf973660\"},\"potentialAction\":[{\"@type\":\"SearchAction\",\"target\":{\"@type\":\"EntryPoint\",\"urlTemplate\":\"https:\\\/\\\/evabenal.com\\\/?s={search_term_string}\"},\"query-input\":{\"@type\":\"PropertyValueSpecification\",\"valueRequired\":true,\"valueName\":\"search_term_string\"}}],\"inLanguage\":\"en-GB\"},{\"@type\":[\"Person\",\"Organization\"],\"@id\":\"https:\\\/\\\/evabenal.com\\\/#\\\/schema\\\/person\\\/f83ae42c801fcce05a27956faf973660\",\"name\":\"evabenal\",\"image\":{\"@type\":\"ImageObject\",\"inLanguage\":\"en-GB\",\"@id\":\"https:\\\/\\\/evabenal.com\\\/wp-content\\\/uploads\\\/2024\\\/01\\\/Benal_Eva_Imaginacio_2.jpg\",\"url\":\"https:\\\/\\\/evabenal.com\\\/wp-content\\\/uploads\\\/2024\\\/01\\\/Benal_Eva_Imaginacio_2.jpg\",\"contentUrl\":\"https:\\\/\\\/evabenal.com\\\/wp-content\\\/uploads\\\/2024\\\/01\\\/Benal_Eva_Imaginacio_2.jpg\",\"width\":824,\"height\":1024,\"caption\":\"evabenal\"},\"logo\":{\"@id\":\"https:\\\/\\\/evabenal.com\\\/wp-content\\\/uploads\\\/2024\\\/01\\\/Benal_Eva_Imaginacio_2.jpg\"},\"sameAs\":[\"https:\\\/\\\/evabenal.com\",\"https:\\\/\\\/www.facebook.com\\\/evabenalph\",\"https:\\\/\\\/www.instagram.com\\\/evabenal\\\/\",\"https:\\\/\\\/x.com\\\/https:\\\/\\\/twitter.com\\\/evabenal\"]}]}<\/script>\n<!-- \/ Yoast SEO plugin. -->","yoast_head_json":{"title":"AVISO LEGAL - Eva Benal","robots":{"index":"index","follow":"follow","max-snippet":"max-snippet:-1","max-image-preview":"max-image-preview:large","max-video-preview":"max-video-preview:-1"},"canonical":"https:\/\/evabenal.com\/en\/aviso-legal\/","og_locale":"en_GB","og_type":"article","og_title":"AVISO LEGAL - Eva Benal","og_description":"AVISO LEGAL Con la finalidad de dar cumplimiento al art\u00edculo 10 de la Ley 34\/2002 de Servicios de la Sociedad de la Informaci\u00f3n y Comercio Electr\u00f3nico, informamos al usuario de nuestros datos: 1. OBJETO El prestador, responsable del sitio web, pone a disposici\u00f3n de los usuarios el presente documento, que regula el uso del sitio [&hellip;]","og_url":"https:\/\/evabenal.com\/en\/aviso-legal\/","og_site_name":"Eva Benal","article_publisher":"https:\/\/www.facebook.com\/evabenalph","article_modified_time":"2024-06-06T17:33:50+00:00","twitter_card":"summary_large_image","twitter_site":"@evabenal","twitter_misc":{"Estimated reading time":"8 minutes"},"schema":{"@context":"https:\/\/schema.org","@graph":[{"@type":"WebPage","@id":"https:\/\/evabenal.com\/aviso-legal\/","url":"https:\/\/evabenal.com\/aviso-legal\/","name":"AVISO LEGAL - Eva Benal","isPartOf":{"@id":"https:\/\/evabenal.com\/#website"},"datePublished":"2024-06-05T15:31:03+00:00","dateModified":"2024-06-06T17:33:50+00:00","breadcrumb":{"@id":"https:\/\/evabenal.com\/aviso-legal\/#breadcrumb"},"inLanguage":"en-GB","potentialAction":[{"@type":"ReadAction","target":["https:\/\/evabenal.com\/aviso-legal\/"]}]},{"@type":"BreadcrumbList","@id":"https:\/\/evabenal.com\/aviso-legal\/#breadcrumb","itemListElement":[{"@type":"ListItem","position":1,"name":"Portada","item":"https:\/\/evabenal.com\/"},{"@type":"ListItem","position":2,"name":"AVISO LEGAL"}]},{"@type":"WebSite","@id":"https:\/\/evabenal.com\/#website","url":"https:\/\/evabenal.com\/","name":"Eva Benal","description":"My name is Eva Benal, I am a visual and 3D artist","publisher":{"@id":"https:\/\/evabenal.com\/#\/schema\/person\/f83ae42c801fcce05a27956faf973660"},"potentialAction":[{"@type":"SearchAction","target":{"@type":"EntryPoint","urlTemplate":"https:\/\/evabenal.com\/?s={search_term_string}"},"query-input":{"@type":"PropertyValueSpecification","valueRequired":true,"valueName":"search_term_string"}}],"inLanguage":"en-GB"},{"@type":["Person","Organization"],"@id":"https:\/\/evabenal.com\/#\/schema\/person\/f83ae42c801fcce05a27956faf973660","name":"evabenal","image":{"@type":"ImageObject","inLanguage":"en-GB","@id":"https:\/\/evabenal.com\/wp-content\/uploads\/2024\/01\/Benal_Eva_Imaginacio_2.jpg","url":"https:\/\/evabenal.com\/wp-content\/uploads\/2024\/01\/Benal_Eva_Imaginacio_2.jpg","contentUrl":"https:\/\/evabenal.com\/wp-content\/uploads\/2024\/01\/Benal_Eva_Imaginacio_2.jpg","width":824,"height":1024,"caption":"evabenal"},"logo":{"@id":"https:\/\/evabenal.com\/wp-content\/uploads\/2024\/01\/Benal_Eva_Imaginacio_2.jpg"},"sameAs":["https:\/\/evabenal.com","https:\/\/www.facebook.com\/evabenalph","https:\/\/www.instagram.com\/evabenal\/","https:\/\/x.com\/https:\/\/twitter.com\/evabenal"]}]}},"jetpack_sharing_enabled":true,"_links":{"self":[{"href":"https:\/\/evabenal.com\/en\/wp-json\/wp\/v2\/pages\/581","targetHints":{"allow":["GET"]}}],"collection":[{"href":"https:\/\/evabenal.com\/en\/wp-json\/wp\/v2\/pages"}],"about":[{"href":"https:\/\/evabenal.com\/en\/wp-json\/wp\/v2\/types\/page"}],"author":[{"embeddable":true,"href":"https:\/\/evabenal.com\/en\/wp-json\/wp\/v2\/users\/1"}],"replies":[{"embeddable":true,"href":"https:\/\/evabenal.com\/en\/wp-json\/wp\/v2\/comments?post=581"}],"version-history":[{"count":0,"href":"https:\/\/evabenal.com\/en\/wp-json\/wp\/v2\/pages\/581\/revisions"}],"wp:attachment":[{"href":"https:\/\/evabenal.com\/en\/wp-json\/wp\/v2\/media?parent=581"}],"curies":[{"name":"wp","href":"https:\/\/api.w.org\/{rel}","templated":true}]}}