{"id":5810,"date":"2026-03-09T18:48:04","date_gmt":"2026-03-09T17:48:04","guid":{"rendered":"https:\/\/evabenal.com\/?page_id=5810"},"modified":"2026-03-26T11:17:20","modified_gmt":"2026-03-26T10:17:20","slug":"home","status":"publish","type":"page","link":"https:\/\/evabenal.com\/en\/","title":{"rendered":"Fotocomposici\u00f3n"},"content":{"rendered":"<h3 class=\"wp-block-heading has-text-align-left\"><\/h3>\n\n\n\n<figure class=\"wp-block-image alignfull size-full\"><img data-recalc-dims=\"1\" decoding=\"async\" width=\"1290\" height=\"726\" src=\"https:\/\/i0.wp.com\/evabenal.com\/wp-content\/uploads\/2026\/03\/Memoriadaigua-scaled.png?resize=1290%2C726&#038;ssl=1\" alt=\"\" class=\"wp-image-5822\" srcset=\"https:\/\/i0.wp.com\/evabenal.com\/wp-content\/uploads\/2026\/03\/Memoriadaigua-scaled.png?w=2560&amp;ssl=1 2560w, https:\/\/i0.wp.com\/evabenal.com\/wp-content\/uploads\/2026\/03\/Memoriadaigua-scaled.png?resize=300%2C169&amp;ssl=1 300w, https:\/\/i0.wp.com\/evabenal.com\/wp-content\/uploads\/2026\/03\/Memoriadaigua-scaled.png?resize=1200%2C675&amp;ssl=1 1200w, https:\/\/i0.wp.com\/evabenal.com\/wp-content\/uploads\/2026\/03\/Memoriadaigua-scaled.png?resize=768%2C432&amp;ssl=1 768w, https:\/\/i0.wp.com\/evabenal.com\/wp-content\/uploads\/2026\/03\/Memoriadaigua-scaled.png?resize=1536%2C864&amp;ssl=1 1536w, https:\/\/i0.wp.com\/evabenal.com\/wp-content\/uploads\/2026\/03\/Memoriadaigua-scaled.png?resize=2048%2C1152&amp;ssl=1 2048w, https:\/\/i0.wp.com\/evabenal.com\/wp-content\/uploads\/2026\/03\/Memoriadaigua-scaled.png?resize=18%2C10&amp;ssl=1 18w, https:\/\/i0.wp.com\/evabenal.com\/wp-content\/uploads\/2026\/03\/Memoriadaigua-scaled.png?resize=1000%2C563&amp;ssl=1 1000w\" sizes=\"(max-width: 1290px) 100vw, 1290px\" \/><figcaption class=\"wp-element-caption\">Mem\u00f2ria d\u2019Aigua, 2023<\/figcaption><\/figure>\n\n\n\n<div style=\"height:100px\" aria-hidden=\"true\" class=\"wp-block-spacer\"><\/div>\n\n\n\n<h4 class=\"wp-block-heading has-text-align-center\">Obras<\/h4>\n\n\n<div style=\"border-top-left-radius:0px;border-top-right-radius:0px;border-bottom-left-radius:0px;border-bottom-right-radius:0px;border-style:none;border-width:0px;\" class=\"alignfull wp-block-blocksy-query\" data-id=\"baf6d0dc\"><div class=\"ct-posts-block\" data-prefix=\"blog\"><div class=\"entries\" data-archive=\"default\" data-layout=\"grid\" data-cards=\"boxed\"><article class=\"entry-card card-content post-4382 post type-post status-publish format-standard has-post-thumbnail hentry category-sin-categoria\" data-reveal=\"bottom:no\"><a class=\"ct-media-container boundless-image\" href=\"https:\/\/evabenal.com\/en\/inflamarnos\/\" aria-label=\"Inflamar(nos)\"><img decoding=\"async\" width=\"768\" height=\"432\" src=\"https:\/\/i0.wp.com\/evabenal.com\/wp-content\/uploads\/2025\/01\/inflamar-nos_rgb-scaled.jpg?fit=768%2C432&amp;ssl=1\" class=\"attachment-medium_large size-medium_large wp-post-image\" alt=\"\" srcset=\"https:\/\/i0.wp.com\/evabenal.com\/wp-content\/uploads\/2025\/01\/inflamar-nos_rgb-scaled.jpg?w=2560&amp;ssl=1 2560w, https:\/\/i0.wp.com\/evabenal.com\/wp-content\/uploads\/2025\/01\/inflamar-nos_rgb-scaled.jpg?resize=300%2C169&amp;ssl=1 300w, https:\/\/i0.wp.com\/evabenal.com\/wp-content\/uploads\/2025\/01\/inflamar-nos_rgb-scaled.jpg?resize=1200%2C675&amp;ssl=1 1200w, https:\/\/i0.wp.com\/evabenal.com\/wp-content\/uploads\/2025\/01\/inflamar-nos_rgb-scaled.jpg?resize=768%2C432&amp;ssl=1 768w, https:\/\/i0.wp.com\/evabenal.com\/wp-content\/uploads\/2025\/01\/inflamar-nos_rgb-scaled.jpg?resize=1536%2C864&amp;ssl=1 1536w, https:\/\/i0.wp.com\/evabenal.com\/wp-content\/uploads\/2025\/01\/inflamar-nos_rgb-scaled.jpg?resize=2048%2C1152&amp;ssl=1 2048w, https:\/\/i0.wp.com\/evabenal.com\/wp-content\/uploads\/2025\/01\/inflamar-nos_rgb-scaled.jpg?resize=18%2C10&amp;ssl=1 18w, https:\/\/i0.wp.com\/evabenal.com\/wp-content\/uploads\/2025\/01\/inflamar-nos_rgb-scaled.jpg?resize=1000%2C562&amp;ssl=1 1000w\" sizes=\"(max-width: 768px) 100vw, 768px\" itemprop=\"image\" style=\"aspect-ratio: 4\/3;\" \/><\/a><\/article><article class=\"entry-card card-content post-4377 post type-post status-publish format-standard has-post-thumbnail hentry category-sin-categoria\" data-reveal=\"bottom:no\"><a class=\"ct-media-container boundless-image\" href=\"https:\/\/evabenal.com\/en\/memoria-daigua\/\" aria-label=\"Mem\u00f2ria d&#8217;Aigua\"><img decoding=\"async\" width=\"768\" height=\"432\" src=\"https:\/\/i0.wp.com\/evabenal.com\/wp-content\/uploads\/2025\/01\/memoriasinpersonas-scaled.jpg?fit=768%2C432&amp;ssl=1\" class=\"attachment-medium_large size-medium_large wp-post-image\" alt=\"\" srcset=\"https:\/\/i0.wp.com\/evabenal.com\/wp-content\/uploads\/2025\/01\/memoriasinpersonas-scaled.jpg?w=2560&amp;ssl=1 2560w, https:\/\/i0.wp.com\/evabenal.com\/wp-content\/uploads\/2025\/01\/memoriasinpersonas-scaled.jpg?resize=300%2C169&amp;ssl=1 300w, https:\/\/i0.wp.com\/evabenal.com\/wp-content\/uploads\/2025\/01\/memoriasinpersonas-scaled.jpg?resize=1200%2C675&amp;ssl=1 1200w, https:\/\/i0.wp.com\/evabenal.com\/wp-content\/uploads\/2025\/01\/memoriasinpersonas-scaled.jpg?resize=768%2C432&amp;ssl=1 768w, https:\/\/i0.wp.com\/evabenal.com\/wp-content\/uploads\/2025\/01\/memoriasinpersonas-scaled.jpg?resize=1536%2C864&amp;ssl=1 1536w, https:\/\/i0.wp.com\/evabenal.com\/wp-content\/uploads\/2025\/01\/memoriasinpersonas-scaled.jpg?resize=2048%2C1152&amp;ssl=1 2048w, https:\/\/i0.wp.com\/evabenal.com\/wp-content\/uploads\/2025\/01\/memoriasinpersonas-scaled.jpg?resize=18%2C10&amp;ssl=1 18w, https:\/\/i0.wp.com\/evabenal.com\/wp-content\/uploads\/2025\/01\/memoriasinpersonas-scaled.jpg?resize=1000%2C563&amp;ssl=1 1000w\" sizes=\"(max-width: 768px) 100vw, 768px\" itemprop=\"image\" style=\"aspect-ratio: 4\/3;\" \/><\/a><\/article><article class=\"entry-card card-content post-48 post type-post status-publish format-standard has-post-thumbnail hentry category-sin-categoria\" data-reveal=\"bottom:no\"><a class=\"ct-media-container boundless-image\" href=\"https:\/\/evabenal.com\/en\/el-meu-nuvol-blanc\/\" aria-label=\"EL MEU N\u00daVOL BLANC\"><img decoding=\"async\" width=\"768\" height=\"512\" src=\"https:\/\/i0.wp.com\/evabenal.com\/wp-content\/uploads\/2023\/12\/EvaBenal_elmeunuvolblanc-2-scaled.jpg?fit=768%2C512&amp;ssl=1\" class=\"attachment-medium_large size-medium_large wp-post-image\" alt=\"\" srcset=\"https:\/\/i0.wp.com\/evabenal.com\/wp-content\/uploads\/2023\/12\/EvaBenal_elmeunuvolblanc-2-scaled.jpg?w=2560&amp;ssl=1 2560w, https:\/\/i0.wp.com\/evabenal.com\/wp-content\/uploads\/2023\/12\/EvaBenal_elmeunuvolblanc-2-scaled.jpg?resize=300%2C200&amp;ssl=1 300w, https:\/\/i0.wp.com\/evabenal.com\/wp-content\/uploads\/2023\/12\/EvaBenal_elmeunuvolblanc-2-scaled.jpg?resize=1200%2C800&amp;ssl=1 1200w, https:\/\/i0.wp.com\/evabenal.com\/wp-content\/uploads\/2023\/12\/EvaBenal_elmeunuvolblanc-2-scaled.jpg?resize=768%2C512&amp;ssl=1 768w, https:\/\/i0.wp.com\/evabenal.com\/wp-content\/uploads\/2023\/12\/EvaBenal_elmeunuvolblanc-2-scaled.jpg?resize=1536%2C1024&amp;ssl=1 1536w, https:\/\/i0.wp.com\/evabenal.com\/wp-content\/uploads\/2023\/12\/EvaBenal_elmeunuvolblanc-2-scaled.jpg?resize=2048%2C1366&amp;ssl=1 2048w, https:\/\/i0.wp.com\/evabenal.com\/wp-content\/uploads\/2023\/12\/EvaBenal_elmeunuvolblanc-2-scaled.jpg?resize=18%2C12&amp;ssl=1 18w, https:\/\/i0.wp.com\/evabenal.com\/wp-content\/uploads\/2023\/12\/EvaBenal_elmeunuvolblanc-2-scaled.jpg?resize=1000%2C667&amp;ssl=1 1000w\" sizes=\"(max-width: 768px) 100vw, 768px\" itemprop=\"image\" style=\"aspect-ratio: 4\/3;\" \/><\/a><\/article><article class=\"entry-card card-content post-78 post type-post status-publish format-standard has-post-thumbnail hentry category-sin-categoria\" data-reveal=\"bottom:no\"><a class=\"ct-media-container boundless-image\" href=\"https:\/\/evabenal.com\/en\/wanderlust\/\" aria-label=\"WANDERLUST                          TRAVELLING THROUGH LIFE\"><img decoding=\"async\" width=\"768\" height=\"955\" src=\"https:\/\/i0.wp.com\/evabenal.com\/wp-content\/uploads\/2024\/01\/Benal_Eva_Imaginacio_2-scaled.jpg?fit=768%2C955&amp;ssl=1\" class=\"attachment-medium_large size-medium_large wp-post-image\" alt=\"\" srcset=\"https:\/\/i0.wp.com\/evabenal.com\/wp-content\/uploads\/2024\/01\/Benal_Eva_Imaginacio_2-scaled.jpg?w=2059&amp;ssl=1 2059w, https:\/\/i0.wp.com\/evabenal.com\/wp-content\/uploads\/2024\/01\/Benal_Eva_Imaginacio_2-scaled.jpg?resize=241%2C300&amp;ssl=1 241w, https:\/\/i0.wp.com\/evabenal.com\/wp-content\/uploads\/2024\/01\/Benal_Eva_Imaginacio_2-scaled.jpg?resize=965%2C1200&amp;ssl=1 965w, https:\/\/i0.wp.com\/evabenal.com\/wp-content\/uploads\/2024\/01\/Benal_Eva_Imaginacio_2-scaled.jpg?resize=768%2C955&amp;ssl=1 768w, https:\/\/i0.wp.com\/evabenal.com\/wp-content\/uploads\/2024\/01\/Benal_Eva_Imaginacio_2-scaled.jpg?resize=1235%2C1536&amp;ssl=1 1235w, https:\/\/i0.wp.com\/evabenal.com\/wp-content\/uploads\/2024\/01\/Benal_Eva_Imaginacio_2-scaled.jpg?resize=1647%2C2048&amp;ssl=1 1647w, https:\/\/i0.wp.com\/evabenal.com\/wp-content\/uploads\/2024\/01\/Benal_Eva_Imaginacio_2-scaled.jpg?resize=10%2C12&amp;ssl=1 10w, https:\/\/i0.wp.com\/evabenal.com\/wp-content\/uploads\/2024\/01\/Benal_Eva_Imaginacio_2-scaled.jpg?resize=1000%2C1243&amp;ssl=1 1000w\" sizes=\"(max-width: 768px) 100vw, 768px\" itemprop=\"image\" style=\"aspect-ratio: 4\/3;\" \/><\/a><\/article><article class=\"entry-card card-content post-61 post type-post status-publish format-standard has-post-thumbnail hentry category-sin-categoria\" data-reveal=\"bottom:no\"><a class=\"ct-media-container boundless-image\" href=\"https:\/\/evabenal.com\/en\/els-ocells\/\" aria-label=\"ELS OCELLS\"><img decoding=\"async\" width=\"768\" height=\"627\" src=\"https:\/\/i0.wp.com\/evabenal.com\/wp-content\/uploads\/2024\/01\/BenalEva_ElsOcells.jpg?fit=768%2C627&amp;ssl=1\" class=\"attachment-medium_large size-medium_large wp-post-image\" alt=\"\" srcset=\"https:\/\/i0.wp.com\/evabenal.com\/wp-content\/uploads\/2024\/01\/BenalEva_ElsOcells.jpg?w=2000&amp;ssl=1 2000w, https:\/\/i0.wp.com\/evabenal.com\/wp-content\/uploads\/2024\/01\/BenalEva_ElsOcells.jpg?resize=1200%2C980&amp;ssl=1 1200w, https:\/\/i0.wp.com\/evabenal.com\/wp-content\/uploads\/2024\/01\/BenalEva_ElsOcells.jpg?resize=15%2C12&amp;ssl=1 15w, https:\/\/i0.wp.com\/evabenal.com\/wp-content\/uploads\/2024\/01\/BenalEva_ElsOcells.jpg?resize=300%2C245&amp;ssl=1 300w, https:\/\/i0.wp.com\/evabenal.com\/wp-content\/uploads\/2024\/01\/BenalEva_ElsOcells.jpg?resize=768%2C627&amp;ssl=1 768w, https:\/\/i0.wp.com\/evabenal.com\/wp-content\/uploads\/2024\/01\/BenalEva_ElsOcells.jpg?resize=1536%2C1255&amp;ssl=1 1536w, https:\/\/i0.wp.com\/evabenal.com\/wp-content\/uploads\/2024\/01\/BenalEva_ElsOcells.jpg?resize=1000%2C817&amp;ssl=1 1000w\" sizes=\"(max-width: 768px) 100vw, 768px\" itemprop=\"image\" style=\"aspect-ratio: 4\/3;\" \/><\/a><\/article><article class=\"entry-card card-content post-71 post type-post status-publish format-standard has-post-thumbnail hentry category-sin-categoria\" data-reveal=\"bottom:no\"><a class=\"ct-media-container boundless-image\" href=\"https:\/\/evabenal.com\/en\/coming-alive\/\" aria-label=\"COMING ALIVE\"><img decoding=\"async\" width=\"768\" height=\"572\" src=\"https:\/\/i0.wp.com\/evabenal.com\/wp-content\/uploads\/2024\/01\/Benal_A01.jpg?fit=768%2C572&amp;ssl=1\" class=\"attachment-medium_large size-medium_large wp-post-image\" alt=\"\" srcset=\"https:\/\/i0.wp.com\/evabenal.com\/wp-content\/uploads\/2024\/01\/Benal_A01.jpg?w=1500&amp;ssl=1 1500w, https:\/\/i0.wp.com\/evabenal.com\/wp-content\/uploads\/2024\/01\/Benal_A01.jpg?resize=1200%2C894&amp;ssl=1 1200w, https:\/\/i0.wp.com\/evabenal.com\/wp-content\/uploads\/2024\/01\/Benal_A01.jpg?resize=16%2C12&amp;ssl=1 16w, https:\/\/i0.wp.com\/evabenal.com\/wp-content\/uploads\/2024\/01\/Benal_A01.jpg?resize=300%2C223&amp;ssl=1 300w, https:\/\/i0.wp.com\/evabenal.com\/wp-content\/uploads\/2024\/01\/Benal_A01.jpg?resize=768%2C572&amp;ssl=1 768w, https:\/\/i0.wp.com\/evabenal.com\/wp-content\/uploads\/2024\/01\/Benal_A01.jpg?resize=1000%2C745&amp;ssl=1 1000w\" sizes=\"(max-width: 768px) 100vw, 768px\" itemprop=\"image\" style=\"aspect-ratio: 4\/3;\" \/><\/a><\/article><\/div><\/div><\/div>\n\n\n<div style=\"height:100px\" aria-hidden=\"true\" class=\"wp-block-spacer\"><\/div>\n\n\n\n<div class=\"wp-block-group alignfull is-layout-constrained wp-block-group-is-layout-constrained\">\n<p class=\"has-text-align-center\">Mi trabajo explora la intervenci\u00f3n de paisajes y espacios mediante fotocomposici\u00f3n.<br>A partir de im\u00e1genes reales construyo escenas donde lo cotidiano se transforma sutilmente y la frontera entre realidad e invenci\u00f3n se vuelve difusa.<br><br>Estos paisajes intervenidos invitan a detener la mirada y contemplar c\u00f3mo la naturaleza, la memoria y el territorio pueden adquirir nuevos significados.<\/p>\n<\/div>\n\n\n\n<div class=\"wp-block-buttons alignfull is-content-justification-center is-layout-flex wp-container-core-buttons-is-layout-a89b3969 wp-block-buttons-is-layout-flex\">\n<div class=\"wp-block-button\"><a class=\"wp-block-button__link has-text-align-center wp-element-button\" href=\"https:\/\/evabenal.com\/en\/about\/\">Sobre m\u00ed<\/a><\/div>\n<\/div>\n\n\n\n<div style=\"height:100px\" aria-hidden=\"true\" class=\"wp-block-spacer\"><\/div>","protected":false},"excerpt":{"rendered":"<p>Obras Mi trabajo explora la intervenci\u00f3n de paisajes y espacios mediante fotocomposici\u00f3n.A partir de im\u00e1genes reales construyo escenas donde lo cotidiano se transforma sutilmente y la frontera entre realidad e invenci\u00f3n se vuelve difusa. Estos paisajes intervenidos invitan a detener la mirada y contemplar c\u00f3mo la naturaleza, la memoria y el territorio pueden adquirir nuevos [&hellip;]<\/p>\n","protected":false},"author":1,"featured_media":0,"parent":0,"menu_order":0,"comment_status":"closed","ping_status":"closed","template":"","meta":{"footnotes":""},"class_list":["post-5810","page","type-page","status-publish","hentry"],"blocksy_meta":[],"yoast_head":"<!-- This site is optimized with the Yoast SEO plugin v27.4 - https:\/\/yoast.com\/product\/yoast-seo-wordpress\/ -->\n<title>Fotocomposici\u00f3n - Eva Benal<\/title>\n<meta name=\"robots\" content=\"index, follow, max-snippet:-1, max-image-preview:large, max-video-preview:-1\" \/>\n<link rel=\"canonical\" href=\"https:\/\/evabenal.com\/en\/\" \/>\n<meta property=\"og:locale\" content=\"en_GB\" \/>\n<meta property=\"og:type\" content=\"article\" \/>\n<meta property=\"og:title\" content=\"Fotocomposici\u00f3n - Eva Benal\" \/>\n<meta property=\"og:description\" content=\"Obras Mi trabajo explora la intervenci\u00f3n de paisajes y espacios mediante fotocomposici\u00f3n.A partir de im\u00e1genes reales construyo escenas donde lo cotidiano se transforma sutilmente y la frontera entre realidad e invenci\u00f3n se vuelve difusa. Estos paisajes intervenidos invitan a detener la mirada y contemplar c\u00f3mo la naturaleza, la memoria y el territorio pueden adquirir nuevos [&hellip;]\" \/>\n<meta property=\"og:url\" content=\"https:\/\/evabenal.com\/en\/\" \/>\n<meta property=\"og:site_name\" content=\"Eva Benal\" \/>\n<meta property=\"article:publisher\" content=\"https:\/\/www.facebook.com\/evabenalph\" \/>\n<meta property=\"article:modified_time\" content=\"2026-03-26T10:17:20+00:00\" \/>\n<meta property=\"og:image\" content=\"https:\/\/evabenal.com\/wp-content\/uploads\/2026\/03\/Memoriadaigua-scaled.png\" \/>\n<meta name=\"twitter:card\" content=\"summary_large_image\" \/>\n<meta name=\"twitter:site\" content=\"@evabenal\" \/>\n<meta name=\"twitter:label1\" content=\"Estimated reading time\" \/>\n\t<meta name=\"twitter:data1\" content=\"1 minute\" \/>\n<script type=\"application\/ld+json\" class=\"yoast-schema-graph\">{\"@context\":\"https:\\\/\\\/schema.org\",\"@graph\":[{\"@type\":\"WebPage\",\"@id\":\"https:\\\/\\\/evabenal.com\\\/\",\"url\":\"https:\\\/\\\/evabenal.com\\\/\",\"name\":\"Fotocomposici\u00f3n - Eva Benal\",\"isPartOf\":{\"@id\":\"https:\\\/\\\/evabenal.com\\\/#website\"},\"primaryImageOfPage\":{\"@id\":\"https:\\\/\\\/evabenal.com\\\/#primaryimage\"},\"image\":{\"@id\":\"https:\\\/\\\/evabenal.com\\\/#primaryimage\"},\"thumbnailUrl\":\"https:\\\/\\\/evabenal.com\\\/wp-content\\\/uploads\\\/2026\\\/03\\\/Memoriadaigua-scaled.png\",\"datePublished\":\"2026-03-09T17:48:04+00:00\",\"dateModified\":\"2026-03-26T10:17:20+00:00\",\"breadcrumb\":{\"@id\":\"https:\\\/\\\/evabenal.com\\\/#breadcrumb\"},\"inLanguage\":\"en-GB\",\"potentialAction\":[{\"@type\":\"ReadAction\",\"target\":[\"https:\\\/\\\/evabenal.com\\\/\"]}]},{\"@type\":\"ImageObject\",\"inLanguage\":\"en-GB\",\"@id\":\"https:\\\/\\\/evabenal.com\\\/#primaryimage\",\"url\":\"https:\\\/\\\/evabenal.com\\\/wp-content\\\/uploads\\\/2026\\\/03\\\/Memoriadaigua-scaled.png\",\"contentUrl\":\"https:\\\/\\\/evabenal.com\\\/wp-content\\\/uploads\\\/2026\\\/03\\\/Memoriadaigua-scaled.png\"},{\"@type\":\"BreadcrumbList\",\"@id\":\"https:\\\/\\\/evabenal.com\\\/#breadcrumb\",\"itemListElement\":[{\"@type\":\"ListItem\",\"position\":1,\"name\":\"Portada\",\"item\":\"https:\\\/\\\/evabenal.com\\\/\"},{\"@type\":\"ListItem\",\"position\":2,\"name\":\"Fotocomposici\u00f3n\"}]},{\"@type\":\"WebSite\",\"@id\":\"https:\\\/\\\/evabenal.com\\\/#website\",\"url\":\"https:\\\/\\\/evabenal.com\\\/\",\"name\":\"Eva Benal\",\"description\":\"My name is Eva Benal, I am a visual and 3D artist\",\"publisher\":{\"@id\":\"https:\\\/\\\/evabenal.com\\\/#\\\/schema\\\/person\\\/f83ae42c801fcce05a27956faf973660\"},\"potentialAction\":[{\"@type\":\"SearchAction\",\"target\":{\"@type\":\"EntryPoint\",\"urlTemplate\":\"https:\\\/\\\/evabenal.com\\\/?s={search_term_string}\"},\"query-input\":{\"@type\":\"PropertyValueSpecification\",\"valueRequired\":true,\"valueName\":\"search_term_string\"}}],\"inLanguage\":\"en-GB\"},{\"@type\":[\"Person\",\"Organization\"],\"@id\":\"https:\\\/\\\/evabenal.com\\\/#\\\/schema\\\/person\\\/f83ae42c801fcce05a27956faf973660\",\"name\":\"evabenal\",\"image\":{\"@type\":\"ImageObject\",\"inLanguage\":\"en-GB\",\"@id\":\"https:\\\/\\\/evabenal.com\\\/wp-content\\\/uploads\\\/2024\\\/01\\\/Benal_Eva_Imaginacio_2.jpg\",\"url\":\"https:\\\/\\\/evabenal.com\\\/wp-content\\\/uploads\\\/2024\\\/01\\\/Benal_Eva_Imaginacio_2.jpg\",\"contentUrl\":\"https:\\\/\\\/evabenal.com\\\/wp-content\\\/uploads\\\/2024\\\/01\\\/Benal_Eva_Imaginacio_2.jpg\",\"width\":824,\"height\":1024,\"caption\":\"evabenal\"},\"logo\":{\"@id\":\"https:\\\/\\\/evabenal.com\\\/wp-content\\\/uploads\\\/2024\\\/01\\\/Benal_Eva_Imaginacio_2.jpg\"},\"sameAs\":[\"https:\\\/\\\/evabenal.com\",\"https:\\\/\\\/www.facebook.com\\\/evabenalph\",\"https:\\\/\\\/www.instagram.com\\\/evabenal\\\/\",\"https:\\\/\\\/x.com\\\/https:\\\/\\\/twitter.com\\\/evabenal\"]}]}<\/script>\n<!-- \/ Yoast SEO plugin. -->","yoast_head_json":{"title":"Fotocomposici\u00f3n - Eva Benal","robots":{"index":"index","follow":"follow","max-snippet":"max-snippet:-1","max-image-preview":"max-image-preview:large","max-video-preview":"max-video-preview:-1"},"canonical":"https:\/\/evabenal.com\/en\/","og_locale":"en_GB","og_type":"article","og_title":"Fotocomposici\u00f3n - Eva Benal","og_description":"Obras Mi trabajo explora la intervenci\u00f3n de paisajes y espacios mediante fotocomposici\u00f3n.A partir de im\u00e1genes reales construyo escenas donde lo cotidiano se transforma sutilmente y la frontera entre realidad e invenci\u00f3n se vuelve difusa. Estos paisajes intervenidos invitan a detener la mirada y contemplar c\u00f3mo la naturaleza, la memoria y el territorio pueden adquirir nuevos [&hellip;]","og_url":"https:\/\/evabenal.com\/en\/","og_site_name":"Eva Benal","article_publisher":"https:\/\/www.facebook.com\/evabenalph","article_modified_time":"2026-03-26T10:17:20+00:00","og_image":[{"url":"https:\/\/evabenal.com\/wp-content\/uploads\/2026\/03\/Memoriadaigua-scaled.png","type":"","width":"","height":""}],"twitter_card":"summary_large_image","twitter_site":"@evabenal","twitter_misc":{"Estimated reading time":"1 minute"},"schema":{"@context":"https:\/\/schema.org","@graph":[{"@type":"WebPage","@id":"https:\/\/evabenal.com\/","url":"https:\/\/evabenal.com\/","name":"Fotocomposici\u00f3n - Eva Benal","isPartOf":{"@id":"https:\/\/evabenal.com\/#website"},"primaryImageOfPage":{"@id":"https:\/\/evabenal.com\/#primaryimage"},"image":{"@id":"https:\/\/evabenal.com\/#primaryimage"},"thumbnailUrl":"https:\/\/evabenal.com\/wp-content\/uploads\/2026\/03\/Memoriadaigua-scaled.png","datePublished":"2026-03-09T17:48:04+00:00","dateModified":"2026-03-26T10:17:20+00:00","breadcrumb":{"@id":"https:\/\/evabenal.com\/#breadcrumb"},"inLanguage":"en-GB","potentialAction":[{"@type":"ReadAction","target":["https:\/\/evabenal.com\/"]}]},{"@type":"ImageObject","inLanguage":"en-GB","@id":"https:\/\/evabenal.com\/#primaryimage","url":"https:\/\/evabenal.com\/wp-content\/uploads\/2026\/03\/Memoriadaigua-scaled.png","contentUrl":"https:\/\/evabenal.com\/wp-content\/uploads\/2026\/03\/Memoriadaigua-scaled.png"},{"@type":"BreadcrumbList","@id":"https:\/\/evabenal.com\/#breadcrumb","itemListElement":[{"@type":"ListItem","position":1,"name":"Portada","item":"https:\/\/evabenal.com\/"},{"@type":"ListItem","position":2,"name":"Fotocomposici\u00f3n"}]},{"@type":"WebSite","@id":"https:\/\/evabenal.com\/#website","url":"https:\/\/evabenal.com\/","name":"Eva Benal","description":"My name is Eva Benal, I am a visual and 3D artist","publisher":{"@id":"https:\/\/evabenal.com\/#\/schema\/person\/f83ae42c801fcce05a27956faf973660"},"potentialAction":[{"@type":"SearchAction","target":{"@type":"EntryPoint","urlTemplate":"https:\/\/evabenal.com\/?s={search_term_string}"},"query-input":{"@type":"PropertyValueSpecification","valueRequired":true,"valueName":"search_term_string"}}],"inLanguage":"en-GB"},{"@type":["Person","Organization"],"@id":"https:\/\/evabenal.com\/#\/schema\/person\/f83ae42c801fcce05a27956faf973660","name":"evabenal","image":{"@type":"ImageObject","inLanguage":"en-GB","@id":"https:\/\/evabenal.com\/wp-content\/uploads\/2024\/01\/Benal_Eva_Imaginacio_2.jpg","url":"https:\/\/evabenal.com\/wp-content\/uploads\/2024\/01\/Benal_Eva_Imaginacio_2.jpg","contentUrl":"https:\/\/evabenal.com\/wp-content\/uploads\/2024\/01\/Benal_Eva_Imaginacio_2.jpg","width":824,"height":1024,"caption":"evabenal"},"logo":{"@id":"https:\/\/evabenal.com\/wp-content\/uploads\/2024\/01\/Benal_Eva_Imaginacio_2.jpg"},"sameAs":["https:\/\/evabenal.com","https:\/\/www.facebook.com\/evabenalph","https:\/\/www.instagram.com\/evabenal\/","https:\/\/x.com\/https:\/\/twitter.com\/evabenal"]}]}},"jetpack_sharing_enabled":true,"_links":{"self":[{"href":"https:\/\/evabenal.com\/en\/wp-json\/wp\/v2\/pages\/5810","targetHints":{"allow":["GET"]}}],"collection":[{"href":"https:\/\/evabenal.com\/en\/wp-json\/wp\/v2\/pages"}],"about":[{"href":"https:\/\/evabenal.com\/en\/wp-json\/wp\/v2\/types\/page"}],"author":[{"embeddable":true,"href":"https:\/\/evabenal.com\/en\/wp-json\/wp\/v2\/users\/1"}],"replies":[{"embeddable":true,"href":"https:\/\/evabenal.com\/en\/wp-json\/wp\/v2\/comments?post=5810"}],"version-history":[{"count":7,"href":"https:\/\/evabenal.com\/en\/wp-json\/wp\/v2\/pages\/5810\/revisions"}],"predecessor-version":[{"id":5831,"href":"https:\/\/evabenal.com\/en\/wp-json\/wp\/v2\/pages\/5810\/revisions\/5831"}],"wp:attachment":[{"href":"https:\/\/evabenal.com\/en\/wp-json\/wp\/v2\/media?parent=5810"}],"curies":[{"name":"wp","href":"https:\/\/api.w.org\/{rel}","templated":true}]}}