{"id":1770,"date":"2024-08-08T12:24:32","date_gmt":"2024-08-08T10:24:32","guid":{"rendered":"https:\/\/evabenal.com\/?post_type=product&#038;p=1770"},"modified":"2024-11-05T18:18:31","modified_gmt":"2024-11-05T17:18:31","slug":"canvas-print-breeze","status":"publish","type":"product","link":"https:\/\/evabenal.com\/en\/product\/canvas-print-breeze\/","title":{"rendered":"Canvas Print: \u00abBREEZE\u00bb"},"content":{"rendered":"<p><span style=\"font-weight: 400;\">Our canvas print has a timeless beauty. The texture of the canvas enhances the natural look of the image, creating a truly immersive artistic experience.<\/span><\/p>\n<ul>\n<li style=\"font-weight: 400;\"><span style=\"font-weight: 400;\">The canvas is a blend of cotton and polyester, to offer you a strong and durable product.<\/span><\/li>\n<li style=\"font-weight: 400;\"><span style=\"font-weight: 400;\">Frames made of FSC-certified wood, which guarantees a durable and high quality product.<\/span><\/li>\n<li style=\"font-weight: 400;\"><span style=\"font-weight: 400;\">A hanging kit is included.\u00a0<\/span><\/li>\n<li style=\"font-weight: 400;\"><span style=\"font-weight: 400;\">Coloured borders are not available.\u00a0<\/span><\/li>\n<li style=\"font-weight: 400;\"><span style=\"font-weight: 400;\">Canvas prints are packaged with reinforced edges to protect them. In addition, we wrap them in bubble wrap for extra protection.<\/span><\/li>\n<\/ul>","protected":false},"excerpt":{"rendered":"<ul>\n<li style=\"font-weight: 400;\" aria-level=\"1\"><b>+1,000 customers<\/b><span style=\"font-weight: 400;\"> enjoy my art<\/span><\/li>\n<li style=\"font-weight: 400;\" aria-level=\"1\"><span style=\"font-weight: 400;\">100% <\/span><b>ready to hang<\/b><\/li>\n<li style=\"font-weight: 400;\" aria-level=\"1\"><span style=\"font-weight: 400;\">Size <\/span><b>is customizable<\/b><\/li>\n<li style=\"font-weight: 400;\" aria-level=\"1\"><b>Shipping <\/b><span style=\"font-weight: 400;\">up to 20 countries <\/span><b>for free<\/b><span style=\"font-weight: 400;\">.<\/span><\/li>\n<li style=\"font-weight: 400;\" aria-level=\"1\">Approximate delivery in <b>5-7 work days <\/b>.<\/li>\n<\/ul>","protected":false},"featured_media":2261,"comment_status":"open","ping_status":"closed","template":"","meta":[],"product_brand":[],"product_cat":[60],"product_tag":[],"class_list":{"0":"post-1770","1":"product","2":"type-product","3":"status-publish","4":"has-post-thumbnail","6":"product_cat-canvas","7":"product_shipping_class-envio-estandar","9":"first","10":"instock","11":"shipping-taxable","12":"purchasable","13":"product-type-variable"},"yoast_head":"<!-- This site is optimized with the Yoast SEO plugin v27.4 - https:\/\/yoast.com\/product\/yoast-seo-wordpress\/ -->\n<title>Canvas Print: &quot;BREEZE&quot; - Eva Benal<\/title>\n<meta name=\"robots\" content=\"index, follow, max-snippet:-1, max-image-preview:large, max-video-preview:-1\" \/>\n<link rel=\"canonical\" href=\"https:\/\/evabenal.com\/en\/product\/canvas-print-breeze\/\" \/>\n<meta property=\"og:locale\" content=\"en_GB\" \/>\n<meta property=\"og:type\" content=\"article\" \/>\n<meta property=\"og:title\" content=\"Canvas Print: &quot;BREEZE&quot; - Eva Benal\" \/>\n<meta property=\"og:description\" content=\"+1.000 clientes disfrutan mi arte  100% preparado para colgar  Tama\u00f1o customizable  Env\u00edo hasta 20 pa\u00edses gratis.  Entrega aproximada en 5-7 d\u00edas laborables.\" \/>\n<meta property=\"og:url\" content=\"https:\/\/evabenal.com\/en\/product\/canvas-print-breeze\/\" \/>\n<meta property=\"og:site_name\" content=\"Eva Benal\" \/>\n<meta property=\"article:publisher\" content=\"https:\/\/www.facebook.com\/evabenalph\" \/>\n<meta property=\"article:modified_time\" content=\"2024-11-05T17:18:31+00:00\" \/>\n<meta property=\"og:image\" content=\"https:\/\/evabenal.com\/wp-content\/uploads\/2024\/08\/breezw-1024x1024.jpg\" \/>\n\t<meta property=\"og:image:width\" content=\"1024\" \/>\n\t<meta property=\"og:image:height\" content=\"1024\" \/>\n\t<meta property=\"og:image:type\" content=\"image\/jpeg\" \/>\n<meta name=\"twitter:card\" content=\"summary_large_image\" \/>\n<meta name=\"twitter:site\" content=\"@evabenal\" \/>\n<meta name=\"twitter:label1\" content=\"Estimated reading time\" \/>\n\t<meta name=\"twitter:data1\" content=\"1 minute\" \/>\n<script type=\"application\/ld+json\" class=\"yoast-schema-graph\">{\"@context\":\"https:\\\/\\\/schema.org\",\"@graph\":[{\"@type\":\"WebPage\",\"@id\":\"https:\\\/\\\/evabenal.com\\\/producto\\\/canvas-print-breeze\\\/\",\"url\":\"https:\\\/\\\/evabenal.com\\\/producto\\\/canvas-print-breeze\\\/\",\"name\":\"Canvas Print: \\\"BREEZE\\\" - Eva Benal\",\"isPartOf\":{\"@id\":\"https:\\\/\\\/evabenal.com\\\/#website\"},\"primaryImageOfPage\":{\"@id\":\"https:\\\/\\\/evabenal.com\\\/producto\\\/canvas-print-breeze\\\/#primaryimage\"},\"image\":{\"@id\":\"https:\\\/\\\/evabenal.com\\\/producto\\\/canvas-print-breeze\\\/#primaryimage\"},\"thumbnailUrl\":\"https:\\\/\\\/i0.wp.com\\\/evabenal.com\\\/wp-content\\\/uploads\\\/2024\\\/08\\\/breezw.jpg?fit=2048%2C2048&ssl=1\",\"datePublished\":\"2024-08-08T10:24:32+00:00\",\"dateModified\":\"2024-11-05T17:18:31+00:00\",\"breadcrumb\":{\"@id\":\"https:\\\/\\\/evabenal.com\\\/producto\\\/canvas-print-breeze\\\/#breadcrumb\"},\"inLanguage\":\"en-GB\",\"potentialAction\":[{\"@type\":\"ReadAction\",\"target\":[\"https:\\\/\\\/evabenal.com\\\/producto\\\/canvas-print-breeze\\\/\"]}]},{\"@type\":\"ImageObject\",\"inLanguage\":\"en-GB\",\"@id\":\"https:\\\/\\\/evabenal.com\\\/producto\\\/canvas-print-breeze\\\/#primaryimage\",\"url\":\"https:\\\/\\\/i0.wp.com\\\/evabenal.com\\\/wp-content\\\/uploads\\\/2024\\\/08\\\/breezw.jpg?fit=2048%2C2048&ssl=1\",\"contentUrl\":\"https:\\\/\\\/i0.wp.com\\\/evabenal.com\\\/wp-content\\\/uploads\\\/2024\\\/08\\\/breezw.jpg?fit=2048%2C2048&ssl=1\",\"width\":2048,\"height\":2048},{\"@type\":\"BreadcrumbList\",\"@id\":\"https:\\\/\\\/evabenal.com\\\/producto\\\/canvas-print-breeze\\\/#breadcrumb\",\"itemListElement\":[{\"@type\":\"ListItem\",\"position\":1,\"name\":\"Portada\",\"item\":\"https:\\\/\\\/evabenal.com\\\/\"},{\"@type\":\"ListItem\",\"position\":2,\"name\":\"Tienda\",\"item\":\"https:\\\/\\\/evabenal.com\\\/tienda\\\/\"},{\"@type\":\"ListItem\",\"position\":3,\"name\":\"Canvas Print: &#8220;BREEZE&#8221;\"}]},{\"@type\":\"WebSite\",\"@id\":\"https:\\\/\\\/evabenal.com\\\/#website\",\"url\":\"https:\\\/\\\/evabenal.com\\\/\",\"name\":\"Eva Benal\",\"description\":\"My name is Eva Benal, I am a visual and 3D artist\",\"publisher\":{\"@id\":\"https:\\\/\\\/evabenal.com\\\/#\\\/schema\\\/person\\\/f83ae42c801fcce05a27956faf973660\"},\"potentialAction\":[{\"@type\":\"SearchAction\",\"target\":{\"@type\":\"EntryPoint\",\"urlTemplate\":\"https:\\\/\\\/evabenal.com\\\/?s={search_term_string}\"},\"query-input\":{\"@type\":\"PropertyValueSpecification\",\"valueRequired\":true,\"valueName\":\"search_term_string\"}}],\"inLanguage\":\"en-GB\"},{\"@type\":[\"Person\",\"Organization\"],\"@id\":\"https:\\\/\\\/evabenal.com\\\/#\\\/schema\\\/person\\\/f83ae42c801fcce05a27956faf973660\",\"name\":\"evabenal\",\"image\":{\"@type\":\"ImageObject\",\"inLanguage\":\"en-GB\",\"@id\":\"https:\\\/\\\/evabenal.com\\\/wp-content\\\/uploads\\\/2024\\\/01\\\/Benal_Eva_Imaginacio_2.jpg\",\"url\":\"https:\\\/\\\/evabenal.com\\\/wp-content\\\/uploads\\\/2024\\\/01\\\/Benal_Eva_Imaginacio_2.jpg\",\"contentUrl\":\"https:\\\/\\\/evabenal.com\\\/wp-content\\\/uploads\\\/2024\\\/01\\\/Benal_Eva_Imaginacio_2.jpg\",\"width\":824,\"height\":1024,\"caption\":\"evabenal\"},\"logo\":{\"@id\":\"https:\\\/\\\/evabenal.com\\\/wp-content\\\/uploads\\\/2024\\\/01\\\/Benal_Eva_Imaginacio_2.jpg\"},\"sameAs\":[\"https:\\\/\\\/evabenal.com\",\"https:\\\/\\\/www.facebook.com\\\/evabenalph\",\"https:\\\/\\\/www.instagram.com\\\/evabenal\\\/\",\"https:\\\/\\\/x.com\\\/https:\\\/\\\/twitter.com\\\/evabenal\"]}]}<\/script>\n<!-- \/ Yoast SEO plugin. -->","yoast_head_json":{"title":"Canvas Print: \"BREEZE\" - Eva Benal","robots":{"index":"index","follow":"follow","max-snippet":"max-snippet:-1","max-image-preview":"max-image-preview:large","max-video-preview":"max-video-preview:-1"},"canonical":"https:\/\/evabenal.com\/en\/product\/canvas-print-breeze\/","og_locale":"en_GB","og_type":"article","og_title":"Canvas Print: \"BREEZE\" - Eva Benal","og_description":"+1.000 clientes disfrutan mi arte  100% preparado para colgar  Tama\u00f1o customizable  Env\u00edo hasta 20 pa\u00edses gratis.  Entrega aproximada en 5-7 d\u00edas laborables.","og_url":"https:\/\/evabenal.com\/en\/product\/canvas-print-breeze\/","og_site_name":"Eva Benal","article_publisher":"https:\/\/www.facebook.com\/evabenalph","article_modified_time":"2024-11-05T17:18:31+00:00","og_image":[{"width":1024,"height":1024,"url":"https:\/\/evabenal.com\/wp-content\/uploads\/2024\/08\/breezw-1024x1024.jpg","type":"image\/jpeg"}],"twitter_card":"summary_large_image","twitter_site":"@evabenal","twitter_misc":{"Estimated reading time":"1 minute"},"schema":{"@context":"https:\/\/schema.org","@graph":[{"@type":"WebPage","@id":"https:\/\/evabenal.com\/producto\/canvas-print-breeze\/","url":"https:\/\/evabenal.com\/producto\/canvas-print-breeze\/","name":"Canvas Print: \"BREEZE\" - Eva Benal","isPartOf":{"@id":"https:\/\/evabenal.com\/#website"},"primaryImageOfPage":{"@id":"https:\/\/evabenal.com\/producto\/canvas-print-breeze\/#primaryimage"},"image":{"@id":"https:\/\/evabenal.com\/producto\/canvas-print-breeze\/#primaryimage"},"thumbnailUrl":"https:\/\/i0.wp.com\/evabenal.com\/wp-content\/uploads\/2024\/08\/breezw.jpg?fit=2048%2C2048&ssl=1","datePublished":"2024-08-08T10:24:32+00:00","dateModified":"2024-11-05T17:18:31+00:00","breadcrumb":{"@id":"https:\/\/evabenal.com\/producto\/canvas-print-breeze\/#breadcrumb"},"inLanguage":"en-GB","potentialAction":[{"@type":"ReadAction","target":["https:\/\/evabenal.com\/producto\/canvas-print-breeze\/"]}]},{"@type":"ImageObject","inLanguage":"en-GB","@id":"https:\/\/evabenal.com\/producto\/canvas-print-breeze\/#primaryimage","url":"https:\/\/i0.wp.com\/evabenal.com\/wp-content\/uploads\/2024\/08\/breezw.jpg?fit=2048%2C2048&ssl=1","contentUrl":"https:\/\/i0.wp.com\/evabenal.com\/wp-content\/uploads\/2024\/08\/breezw.jpg?fit=2048%2C2048&ssl=1","width":2048,"height":2048},{"@type":"BreadcrumbList","@id":"https:\/\/evabenal.com\/producto\/canvas-print-breeze\/#breadcrumb","itemListElement":[{"@type":"ListItem","position":1,"name":"Portada","item":"https:\/\/evabenal.com\/"},{"@type":"ListItem","position":2,"name":"Tienda","item":"https:\/\/evabenal.com\/tienda\/"},{"@type":"ListItem","position":3,"name":"Canvas Print: &#8220;BREEZE&#8221;"}]},{"@type":"WebSite","@id":"https:\/\/evabenal.com\/#website","url":"https:\/\/evabenal.com\/","name":"Eva Benal","description":"My name is Eva Benal, I am a visual and 3D artist","publisher":{"@id":"https:\/\/evabenal.com\/#\/schema\/person\/f83ae42c801fcce05a27956faf973660"},"potentialAction":[{"@type":"SearchAction","target":{"@type":"EntryPoint","urlTemplate":"https:\/\/evabenal.com\/?s={search_term_string}"},"query-input":{"@type":"PropertyValueSpecification","valueRequired":true,"valueName":"search_term_string"}}],"inLanguage":"en-GB"},{"@type":["Person","Organization"],"@id":"https:\/\/evabenal.com\/#\/schema\/person\/f83ae42c801fcce05a27956faf973660","name":"evabenal","image":{"@type":"ImageObject","inLanguage":"en-GB","@id":"https:\/\/evabenal.com\/wp-content\/uploads\/2024\/01\/Benal_Eva_Imaginacio_2.jpg","url":"https:\/\/evabenal.com\/wp-content\/uploads\/2024\/01\/Benal_Eva_Imaginacio_2.jpg","contentUrl":"https:\/\/evabenal.com\/wp-content\/uploads\/2024\/01\/Benal_Eva_Imaginacio_2.jpg","width":824,"height":1024,"caption":"evabenal"},"logo":{"@id":"https:\/\/evabenal.com\/wp-content\/uploads\/2024\/01\/Benal_Eva_Imaginacio_2.jpg"},"sameAs":["https:\/\/evabenal.com","https:\/\/www.facebook.com\/evabenalph","https:\/\/www.instagram.com\/evabenal\/","https:\/\/x.com\/https:\/\/twitter.com\/evabenal"]}]}},"jetpack_sharing_enabled":true,"_links":{"self":[{"href":"https:\/\/evabenal.com\/en\/wp-json\/wp\/v2\/product\/1770","targetHints":{"allow":["GET"]}}],"collection":[{"href":"https:\/\/evabenal.com\/en\/wp-json\/wp\/v2\/product"}],"about":[{"href":"https:\/\/evabenal.com\/en\/wp-json\/wp\/v2\/types\/product"}],"replies":[{"embeddable":true,"href":"https:\/\/evabenal.com\/en\/wp-json\/wp\/v2\/comments?post=1770"}],"wp:featuredmedia":[{"embeddable":true,"href":"https:\/\/evabenal.com\/en\/wp-json\/wp\/v2\/media\/2261"}],"wp:attachment":[{"href":"https:\/\/evabenal.com\/en\/wp-json\/wp\/v2\/media?parent=1770"}],"wp:term":[{"taxonomy":"product_brand","embeddable":true,"href":"https:\/\/evabenal.com\/en\/wp-json\/wp\/v2\/product_brand?post=1770"},{"taxonomy":"product_cat","embeddable":true,"href":"https:\/\/evabenal.com\/en\/wp-json\/wp\/v2\/product_cat?post=1770"},{"taxonomy":"product_tag","embeddable":true,"href":"https:\/\/evabenal.com\/en\/wp-json\/wp\/v2\/product_tag?post=1770"}],"curies":[{"name":"wp","href":"https:\/\/api.w.org\/{rel}","templated":true}]}}