{"id":22,"date":"2024-06-04T19:00:23","date_gmt":"2024-06-04T17:00:23","guid":{"rendered":"http:\/\/localhost\/wordpress\/?page_id=22"},"modified":"2024-06-04T19:00:30","modified_gmt":"2024-06-04T17:00:30","slug":"reembolso_devoluciones","status":"publish","type":"page","link":"https:\/\/evabenal.com\/es\/reembolso_devoluciones\/","title":{"rendered":"Pol\u00edtica de devoluciones y reembolsos"},"content":{"rendered":"\n<p>El equipo de Eva Benal, se esfuerza por ofrecer productos de alta calidad y espera que est\u00e9 completamente satisfecho con su compra. Sin embargo, entendemos que ocasionalmente pueda necesitar realizar alg\u00fan cambio. A continuaci\u00f3n, le presentamos nuestra pol\u00edtica de devoluciones y reembolsos:<\/p>\n\n\n\n<p><strong>Plazo para devoluciones:<\/strong><\/p>\n\n\n\n<p>Dispone de un plazo de 14 d\u00edas naturales a partir de la fecha de recepci\u00f3n para solicitar un cambio en sus obras de arte. Los gastos de env\u00edo, en este caso, correr\u00e1n a su cargo, y deber\u00e1 realizarse por empresa de mensajer\u00eda privada. Tambi\u00e9n existe la posibilidad de que sea expedido un vale para adquirir una o varias obras por el importe de la devoluci\u00f3n en cualquier otro momento.<\/p>\n\n\n\n<p><strong>Productos elegibles para devoluci\u00f3n:<\/strong><\/p>\n\n\n\n<p>Solo aceptamos devoluciones de obras de arte que est\u00e9n en su estado original y sin da\u00f1os. Los art\u00edculos personalizados o hechos a medida no son elegibles para devoluci\u00f3n.<\/p>\n\n\n\n<p><strong>Proceso para solicitar un cambio:<\/strong><\/p>\n\n\n\n<p>P\u00f3ngase en contacto con nuestro equipo de atenci\u00f3n al cliente enviando un mensaje a evabenalshop@gmail.com dentro de los 14 d\u00edas naturales posteriores a la recepci\u00f3n.<\/p>\n\n\n\n<p>Indique el motivo de su solicitud de cambio y proporcione el n\u00famero de pedido.<\/p>\n\n\n\n<p>Le proporcionaremos instrucciones sobre c\u00f3mo enviar de vuelta la obra de arte.<\/p>\n\n\n\n<p><strong>Gastos de env\u00edo de devoluci\u00f3n:<\/strong><\/p>\n\n\n\n<p>Los gastos de env\u00edo para devoluciones corren por cuenta del cliente. Le recomendamos utilizar un servicio de env\u00edo con seguimiento para garantizar la entrega.&nbsp;<\/p>\n\n\n\n<p><strong>Condiciones de la devoluci\u00f3n:<\/strong><\/p>\n\n\n\n<ul class=\"wp-block-list\">\n<li>La obra de arte debe estar en su embalaje original y sin da\u00f1os.<\/li>\n\n\n\n<li>Incluye una copia del comprobante de compra con la devoluci\u00f3n.<\/li>\n<\/ul>\n\n\n\n<p><strong>Proceso de Cambio:<\/strong><\/p>\n\n\n\n<p>Una vez recibamos la obra de arte y se haya verificado su estado, procesaremos su solicitud de cambio. Tenga en cuenta que el nuevo art\u00edculo ser\u00e1 enviado una vez recibamos y hayamos revisado el producto devuelto.<\/p>\n\n\n\n<p><strong>Reembolsos:<\/strong><\/p>\n\n\n\n<p>El reembolso se realizar\u00e1 en la misma cuenta bancaria con la que se efectu\u00f3 el pedido. El reembolso har\u00e1 referencia, \u00fanicamente, al precio de la obra pagado por el usuario en tiempo y forma, y una vez recibida la obra. Si la devoluci\u00f3n se hace fuera de plazo o en inadecuadas condiciones de embalaje que causen da\u00f1os a la misma, los costes de devoluci\u00f3n no ser\u00e1n reembolsados.&nbsp;<\/p>\n\n\n\n<p><strong>Excepciones<\/strong>:<\/p>\n\n\n\n<ul class=\"wp-block-list\">\n<li>Si la obra de arte llega da\u00f1ada, por favor, p\u00f3ngase en contacto con nosotros de inmediato para resolver la situaci\u00f3n.<\/li>\n\n\n\n<li>Las obras de arte adquiridas durante eventos especiales o ventas no son elegibles para devoluci\u00f3n o cambio.<\/li>\n<\/ul>\n\n\n\n<p>Apreciamos su comprensi\u00f3n y cooperaci\u00f3n. Para cualquier pregunta adicional, no dude en ponerse en contacto con nosotros.<\/p>\n\n\n\n<p>Gracias por confiar en el equipo de Eva Benal.<\/p>\n","protected":false},"excerpt":{"rendered":"<p>El equipo de Eva Benal, se esfuerza por ofrecer productos de alta calidad y espera que est\u00e9 completamente satisfecho con su compra. Sin embargo, entendemos que ocasionalmente pueda necesitar realizar alg\u00fan cambio. A continuaci\u00f3n, le presentamos nuestra pol\u00edtica de devoluciones y reembolsos: Plazo para devoluciones: Dispone de un plazo de 14 d\u00edas naturales a partir [&hellip;]<\/p>\n","protected":false},"author":1,"featured_media":0,"parent":0,"menu_order":0,"comment_status":"closed","ping_status":"closed","template":"","meta":{"footnotes":""},"class_list":["post-22","page","type-page","status-publish","hentry"],"blocksy_meta":[],"yoast_head":"<!-- This site is optimized with the Yoast SEO plugin v27.4 - https:\/\/yoast.com\/product\/yoast-seo-wordpress\/ -->\n<title>Pol\u00edtica de devoluciones y reembolsos - Eva Benal<\/title>\n<meta name=\"robots\" content=\"index, follow, max-snippet:-1, max-image-preview:large, max-video-preview:-1\" \/>\n<link rel=\"canonical\" href=\"https:\/\/evabenal.com\/es\/reembolso_devoluciones\/\" \/>\n<meta property=\"og:locale\" content=\"es_ES\" \/>\n<meta property=\"og:type\" content=\"article\" \/>\n<meta property=\"og:title\" content=\"Pol\u00edtica de devoluciones y reembolsos - Eva Benal\" \/>\n<meta property=\"og:description\" content=\"El equipo de Eva Benal, se esfuerza por ofrecer productos de alta calidad y espera que est\u00e9 completamente satisfecho con su compra. Sin embargo, entendemos que ocasionalmente pueda necesitar realizar alg\u00fan cambio. A continuaci\u00f3n, le presentamos nuestra pol\u00edtica de devoluciones y reembolsos: Plazo para devoluciones: Dispone de un plazo de 14 d\u00edas naturales a partir [&hellip;]\" \/>\n<meta property=\"og:url\" content=\"https:\/\/evabenal.com\/es\/reembolso_devoluciones\/\" \/>\n<meta property=\"og:site_name\" content=\"Eva Benal\" \/>\n<meta property=\"article:publisher\" content=\"https:\/\/www.facebook.com\/evabenalph\" \/>\n<meta property=\"article:modified_time\" content=\"2024-06-04T17:00:30+00:00\" \/>\n<meta name=\"twitter:card\" content=\"summary_large_image\" \/>\n<meta name=\"twitter:site\" content=\"@evabenal\" \/>\n<meta name=\"twitter:label1\" content=\"Tiempo de lectura\" \/>\n\t<meta name=\"twitter:data1\" content=\"2 minutos\" \/>\n<script type=\"application\/ld+json\" class=\"yoast-schema-graph\">{\"@context\":\"https:\\\/\\\/schema.org\",\"@graph\":[{\"@type\":\"WebPage\",\"@id\":\"https:\\\/\\\/evabenal.com\\\/reembolso_devoluciones\\\/\",\"url\":\"https:\\\/\\\/evabenal.com\\\/reembolso_devoluciones\\\/\",\"name\":\"Pol\u00edtica de devoluciones y reembolsos - Eva Benal\",\"isPartOf\":{\"@id\":\"https:\\\/\\\/evabenal.com\\\/#website\"},\"datePublished\":\"2024-06-04T17:00:23+00:00\",\"dateModified\":\"2024-06-04T17:00:30+00:00\",\"breadcrumb\":{\"@id\":\"https:\\\/\\\/evabenal.com\\\/reembolso_devoluciones\\\/#breadcrumb\"},\"inLanguage\":\"es\",\"potentialAction\":[{\"@type\":\"ReadAction\",\"target\":[\"https:\\\/\\\/evabenal.com\\\/reembolso_devoluciones\\\/\"]}]},{\"@type\":\"BreadcrumbList\",\"@id\":\"https:\\\/\\\/evabenal.com\\\/reembolso_devoluciones\\\/#breadcrumb\",\"itemListElement\":[{\"@type\":\"ListItem\",\"position\":1,\"name\":\"Portada\",\"item\":\"https:\\\/\\\/evabenal.com\\\/\"},{\"@type\":\"ListItem\",\"position\":2,\"name\":\"Pol\u00edtica de devoluciones y reembolsos\"}]},{\"@type\":\"WebSite\",\"@id\":\"https:\\\/\\\/evabenal.com\\\/#website\",\"url\":\"https:\\\/\\\/evabenal.com\\\/\",\"name\":\"Eva Benal\",\"description\":\"My name is Eva Benal, I am a visual and 3D artist\",\"publisher\":{\"@id\":\"https:\\\/\\\/evabenal.com\\\/#\\\/schema\\\/person\\\/f83ae42c801fcce05a27956faf973660\"},\"potentialAction\":[{\"@type\":\"SearchAction\",\"target\":{\"@type\":\"EntryPoint\",\"urlTemplate\":\"https:\\\/\\\/evabenal.com\\\/?s={search_term_string}\"},\"query-input\":{\"@type\":\"PropertyValueSpecification\",\"valueRequired\":true,\"valueName\":\"search_term_string\"}}],\"inLanguage\":\"es\"},{\"@type\":[\"Person\",\"Organization\"],\"@id\":\"https:\\\/\\\/evabenal.com\\\/#\\\/schema\\\/person\\\/f83ae42c801fcce05a27956faf973660\",\"name\":\"evabenal\",\"image\":{\"@type\":\"ImageObject\",\"inLanguage\":\"es\",\"@id\":\"https:\\\/\\\/evabenal.com\\\/wp-content\\\/uploads\\\/2024\\\/01\\\/Benal_Eva_Imaginacio_2.jpg\",\"url\":\"https:\\\/\\\/evabenal.com\\\/wp-content\\\/uploads\\\/2024\\\/01\\\/Benal_Eva_Imaginacio_2.jpg\",\"contentUrl\":\"https:\\\/\\\/evabenal.com\\\/wp-content\\\/uploads\\\/2024\\\/01\\\/Benal_Eva_Imaginacio_2.jpg\",\"width\":824,\"height\":1024,\"caption\":\"evabenal\"},\"logo\":{\"@id\":\"https:\\\/\\\/evabenal.com\\\/wp-content\\\/uploads\\\/2024\\\/01\\\/Benal_Eva_Imaginacio_2.jpg\"},\"sameAs\":[\"https:\\\/\\\/evabenal.com\",\"https:\\\/\\\/www.facebook.com\\\/evabenalph\",\"https:\\\/\\\/www.instagram.com\\\/evabenal\\\/\",\"https:\\\/\\\/x.com\\\/https:\\\/\\\/twitter.com\\\/evabenal\"]}]}<\/script>\n<!-- \/ Yoast SEO plugin. -->","yoast_head_json":{"title":"Pol\u00edtica de devoluciones y reembolsos - Eva Benal","robots":{"index":"index","follow":"follow","max-snippet":"max-snippet:-1","max-image-preview":"max-image-preview:large","max-video-preview":"max-video-preview:-1"},"canonical":"https:\/\/evabenal.com\/es\/reembolso_devoluciones\/","og_locale":"es_ES","og_type":"article","og_title":"Pol\u00edtica de devoluciones y reembolsos - Eva Benal","og_description":"El equipo de Eva Benal, se esfuerza por ofrecer productos de alta calidad y espera que est\u00e9 completamente satisfecho con su compra. Sin embargo, entendemos que ocasionalmente pueda necesitar realizar alg\u00fan cambio. A continuaci\u00f3n, le presentamos nuestra pol\u00edtica de devoluciones y reembolsos: Plazo para devoluciones: Dispone de un plazo de 14 d\u00edas naturales a partir [&hellip;]","og_url":"https:\/\/evabenal.com\/es\/reembolso_devoluciones\/","og_site_name":"Eva Benal","article_publisher":"https:\/\/www.facebook.com\/evabenalph","article_modified_time":"2024-06-04T17:00:30+00:00","twitter_card":"summary_large_image","twitter_site":"@evabenal","twitter_misc":{"Tiempo de lectura":"2 minutos"},"schema":{"@context":"https:\/\/schema.org","@graph":[{"@type":"WebPage","@id":"https:\/\/evabenal.com\/reembolso_devoluciones\/","url":"https:\/\/evabenal.com\/reembolso_devoluciones\/","name":"Pol\u00edtica de devoluciones y reembolsos - Eva Benal","isPartOf":{"@id":"https:\/\/evabenal.com\/#website"},"datePublished":"2024-06-04T17:00:23+00:00","dateModified":"2024-06-04T17:00:30+00:00","breadcrumb":{"@id":"https:\/\/evabenal.com\/reembolso_devoluciones\/#breadcrumb"},"inLanguage":"es","potentialAction":[{"@type":"ReadAction","target":["https:\/\/evabenal.com\/reembolso_devoluciones\/"]}]},{"@type":"BreadcrumbList","@id":"https:\/\/evabenal.com\/reembolso_devoluciones\/#breadcrumb","itemListElement":[{"@type":"ListItem","position":1,"name":"Portada","item":"https:\/\/evabenal.com\/"},{"@type":"ListItem","position":2,"name":"Pol\u00edtica de devoluciones y reembolsos"}]},{"@type":"WebSite","@id":"https:\/\/evabenal.com\/#website","url":"https:\/\/evabenal.com\/","name":"Eva Benal","description":"My name is Eva Benal, I am a visual and 3D artist","publisher":{"@id":"https:\/\/evabenal.com\/#\/schema\/person\/f83ae42c801fcce05a27956faf973660"},"potentialAction":[{"@type":"SearchAction","target":{"@type":"EntryPoint","urlTemplate":"https:\/\/evabenal.com\/?s={search_term_string}"},"query-input":{"@type":"PropertyValueSpecification","valueRequired":true,"valueName":"search_term_string"}}],"inLanguage":"es"},{"@type":["Person","Organization"],"@id":"https:\/\/evabenal.com\/#\/schema\/person\/f83ae42c801fcce05a27956faf973660","name":"evabenal","image":{"@type":"ImageObject","inLanguage":"es","@id":"https:\/\/evabenal.com\/wp-content\/uploads\/2024\/01\/Benal_Eva_Imaginacio_2.jpg","url":"https:\/\/evabenal.com\/wp-content\/uploads\/2024\/01\/Benal_Eva_Imaginacio_2.jpg","contentUrl":"https:\/\/evabenal.com\/wp-content\/uploads\/2024\/01\/Benal_Eva_Imaginacio_2.jpg","width":824,"height":1024,"caption":"evabenal"},"logo":{"@id":"https:\/\/evabenal.com\/wp-content\/uploads\/2024\/01\/Benal_Eva_Imaginacio_2.jpg"},"sameAs":["https:\/\/evabenal.com","https:\/\/www.facebook.com\/evabenalph","https:\/\/www.instagram.com\/evabenal\/","https:\/\/x.com\/https:\/\/twitter.com\/evabenal"]}]}},"jetpack_sharing_enabled":true,"_links":{"self":[{"href":"https:\/\/evabenal.com\/es\/wp-json\/wp\/v2\/pages\/22","targetHints":{"allow":["GET"]}}],"collection":[{"href":"https:\/\/evabenal.com\/es\/wp-json\/wp\/v2\/pages"}],"about":[{"href":"https:\/\/evabenal.com\/es\/wp-json\/wp\/v2\/types\/page"}],"author":[{"embeddable":true,"href":"https:\/\/evabenal.com\/es\/wp-json\/wp\/v2\/users\/1"}],"replies":[{"embeddable":true,"href":"https:\/\/evabenal.com\/es\/wp-json\/wp\/v2\/comments?post=22"}],"version-history":[{"count":0,"href":"https:\/\/evabenal.com\/es\/wp-json\/wp\/v2\/pages\/22\/revisions"}],"wp:attachment":[{"href":"https:\/\/evabenal.com\/es\/wp-json\/wp\/v2\/media?parent=22"}],"curies":[{"name":"wp","href":"https:\/\/api.w.org\/{rel}","templated":true}]}}