{"id":583,"date":"2024-06-05T17:32:05","date_gmt":"2024-06-05T15:32:05","guid":{"rendered":"http:\/\/localhost\/wordpress\/?page_id=583"},"modified":"2024-06-06T19:39:14","modified_gmt":"2024-06-06T17:39:14","slug":"politica-de-privacidad","status":"publish","type":"page","link":"https:\/\/evabenal.com\/es\/politica-de-privacidad\/","title":{"rendered":"POL\u00cdTICA DE PRIVACIDAD"},"content":{"rendered":"\n<h1 class=\"wp-block-heading\"><strong>POL\u00cdTICA DE PRIVACIDAD<\/strong><\/h1>\n\n\n\n<h3 class=\"wp-block-heading\"><strong>RESPONSABLE DEL TRATAMIENTO<\/strong><\/h3>\n\n\n\n<p><strong>Denominaci\u00f3n Social: <\/strong>Eva Benavent, en adelante, \u00abel prestador\u00bb.<\/p>\n\n\n\n<p><strong>Nombre Comercial:<\/strong> Eva Benal<\/p>\n\n\n\n<p><strong>Correo electr\u00f3nico:<\/strong> <a href=\"mailto:info@evabenal.com\">info@evabenal.com<\/a><\/p>\n\n\n\n<h3 class=\"wp-block-heading\"><strong>NORMATIVA APLICABLE<\/strong><\/h3>\n\n\n\n<p>Nuestra Pol\u00edtica de Privacidad se ha dise\u00f1ado de acuerdo con el Reglamento General de Protecci\u00f3n de Datos de la UE 2016\/679 del Parlamento Europeo y del Consejo, de 27 de abril de 2016, relativo a la protecci\u00f3n de las personas f\u00edsicas en lo que respecta al tratamiento de datos personales y a la libre circulaci\u00f3n de estos datos y por el que se deroga la Directiva 95\/46\/CE (Reglamento general de protecci\u00f3n de datos), y la Ley Org\u00e1nica 3\/2018 del 5 de diciembre, de Protecci\u00f3n de Datos de Car\u00e1cter Personal y Garant\u00eda de los Derechos Digitales. Al facilitarnos sus datos, Usted declara haber le\u00eddo y conocer la presente Pol\u00edtica de Privacidad, prestando su consentimiento inequ\u00edvoco y expreso al tratamiento de sus datos personales de acuerdo a las finalidades y t\u00e9rminos aqu\u00ed expresados. La Empresa podr\u00e1 modificar la presente Pol\u00edtica de Privacidad para adaptarla a las novedades legislativas, jurisprudenciales o de interpretaci\u00f3n de la Agencia Espa\u00f1ola de Protecci\u00f3n de Datos. Estas condiciones de privacidad podr\u00e1n ser complementadas por el Aviso Legal, Pol\u00edtica de Cookies y las Condiciones Generales que, en su caso, se recojan para determinados productos o servicios, si dicho acceso supone alguna especialidad en materia de protecci\u00f3n de datos de car\u00e1cter personal.<\/p>\n\n\n\n<h4 class=\"wp-block-heading\">FINALIDAD DEL TRATAMIENTO<\/h4>\n\n\n\n<p>El tratamiento que realizamos de sus datos personales responden \u00fanicamente a las siguientes finalidades:<\/p>\n\n\n\n<ul class=\"wp-block-list\">\n<li>Realizar las gestiones comerciales, administrativas y de comunicaci\u00f3n necesarias con los usuarios de la web.<\/li>\n\n\n\n<li>Responder a las consultas y\/o proporcionar informaciones requeridas por el Usuario.<\/li>\n\n\n\n<li>Realizar las prestaciones de servicios y\/o productos contratados o suscritos por el Usuario, como el env\u00edo de newsletter.<\/li>\n\n\n\n<li>Notificarle cambios, desarrollos importantes de la pol\u00edtica de privacidad, aviso legal o pol\u00edtica de cookies.<\/li>\n\n\n\n<li>Se realizar\u00e1n an\u00e1lisis de perfiles y de usabilidad.<\/li>\n\n\n\n<li>Los datos de clientes y\/o proveedores ser\u00e1n tratados, dentro de la relaci\u00f3n contractual que les vincula con el responsable, en cumplimiento de las obligaciones administrativas, fiscales, contables y laborales que sean necesarias en virtud de la legislaci\u00f3n vigente.<\/li>\n<\/ul>\n\n\n\n<p>De acuerdo con la LSSICE, el prestador no realiza pr\u00e1cticas de SPAM, por lo tanto, no env\u00eda correos comerciales por e-mail que no hayan sido previamente solicitados o autorizados por el Usuario. En consecuencia, en todas las comunicaciones que recibir\u00e1 del prestador, el usuario tiene la posibilidad de cancelar su consentimiento expreso para recibir nuestras comunicaciones.<\/p>\n\n\n\n<p>Puede revocar en cualquier momento su consentimiento remitiendo un escrito con el asunto \u201cBaja\u201d a info@evabenal.com.<\/p>\n\n\n\n<p>No trataremos sus datos personales para ninguna otra finalidad de las descritas salvo por obligaci\u00f3n legal o requerimiento judicial.<\/p>\n\n\n\n<h4 class=\"wp-block-heading\">PLAZO DE CONSERVACI\u00d3N DE DATOS<\/h4>\n\n\n\n<p>Conservaremos sus datos personales desde que nos d\u00e9 su consentimiento hasta que lo revoque o bien solicite la limitaci\u00f3n del tratamiento. En tales casos, mantendremos sus datos de manera bloqueada durante los plazos legalmente exigidos.<\/p>\n\n\n\n<h3 class=\"wp-block-heading\"><strong>LEGITIMACI\u00d3N Y DATOS RECABADOS<\/strong><\/h3>\n\n\n\n<p>La legitimaci\u00f3n para el tratamiento de sus datos es el consentimiento expreso otorgado mediante un acto positivo y afirmativo (rellenar el formulario correspondiente y marcar la casilla de aceptaci\u00f3n de esta pol\u00edtica) en el momento de facilitarnos sus datos personales.<\/p>\n\n\n\n<h4 class=\"wp-block-heading\">CONSENTIMIENTO PARA TRATAR SUS DATOS<\/h4>\n\n\n\n<p>Al rellenar los formularios, marcar la casilla \u201cAcepto la Pol\u00edtica de Privacidad\u201d y hacer clic para enviar los datos, o al remitir correos electr\u00f3nicos a la Empresa a trav\u00e9s de las cuentas habilitadas al efecto, el Usuario manifiesta haber le\u00eddo y aceptado expresamente la presente pol\u00edtica de privacidad, y otorga su consentimiento inequ\u00edvoco y expreso al tratamiento de sus datos personales conforme a las finalidades indicadas.<\/p>\n\n\n\n<h4 class=\"wp-block-heading\">CATEGOR\u00cdA DE DATOS<\/h4>\n\n\n\n<p>Los datos recogidos por parte del responsable, de car\u00e1cter personal y financiero, son los siguientes:<\/p>\n\n\n\n<ul class=\"wp-block-list\">\n<li>Aquellos que los usuarios suministren a trav\u00e9s de los diferentes servicios ofrecidos en la p\u00e1gina web.<\/li>\n\n\n\n<li>Aquellos incluidos en los diferentes formularios previstos en la p\u00e1gina web.<\/li>\n\n\n\n<li>Datos recogidos a trav\u00e9s de las \u201ccookies\u201d para la mejora de la experiencia de la navegaci\u00f3n seg\u00fan se informa en la pol\u00edtica de cookies.<\/li>\n<\/ul>\n\n\n\n<p>La negativa a suministrar los datos obligatorios supondr\u00e1 la imposibilidad de atender la concreta solicitud de que se trate. El usuario manifiesta que la informaci\u00f3n y los datos que facilita son exactos, actuales y veraces. Le rogamos que en caso de modificaci\u00f3n, comunique inmediatamente la misma a fin de que la informaci\u00f3n en tratamiento est\u00e9 en todo momento actualizada y no contenga errores.<\/p>\n\n\n\n<h3 class=\"wp-block-heading\"><strong>MEDIDAS DE SEGURIDAD<\/strong><\/h3>\n\n\n\n<p>Dentro de nuestro compromiso por garantizar la seguridad y confidencialidad de sus datos de car\u00e1cter personal, le informamos que se han adoptado las medidas de \u00edndole t\u00e9cnica y organizativas necesarias para garantizar la seguridad de los datos de car\u00e1cter personal y evitar su alteraci\u00f3n, p\u00e9rdida, tratamiento o acceso no autorizado, habida cuenta del estado de la tecnolog\u00eda, la naturaleza de los datos almacenados y los riesgos a que est\u00e9n expuestos, seg\u00fan el Art. 32 del RGPD EU 679\/2016.<\/p>\n\n\n\n<h3 class=\"wp-block-heading\"><strong>CESI\u00d3N DE DATOS<\/strong><\/h3>\n\n\n\n<p>Al utilizar nuestro sitio web y contratar nuestros servicios, usted acepta que podamos compartir ciertos datos personales con terceros que nos proporcionan servicios auxiliares esenciales para la entrega de nuestras obras. A continuaci\u00f3n, se detalla c\u00f3mo se manejan estos datos y con qui\u00e9n se comparten:<\/p>\n\n\n\n<h4 class=\"wp-block-heading\">PROP\u00d3SITO DE LA CESI\u00d3N DE DATOS<\/h4>\n\n\n\n<p>La cesi\u00f3n de sus datos personales a terceros se realiza exclusivamente con el fin de cumplir con la prestaci\u00f3n de servicios que ha contratado, particularmente en lo referente al env\u00edo y entrega de obras. Esto incluye, pero no se limita a, servicios de mensajer\u00eda, log\u00edstica y transporte.<\/p>\n\n\n\n<h4 class=\"wp-block-heading\">TIPOS DE DATOS COMPARTIDOS<\/h4>\n\n\n\n<p>Los datos que pueden ser cedidos a terceros incluyen:<\/p>\n\n\n\n<ul class=\"wp-block-list\">\n<li>Nombre y apellidos<\/li>\n\n\n\n<li>Direcci\u00f3n de env\u00edo<\/li>\n\n\n\n<li>Tel\u00e9fono de contacto<\/li>\n\n\n\n<li>Direcci\u00f3n de correo electr\u00f3nico<\/li>\n\n\n\n<li>Detalles del pedido y art\u00edculos comprados<\/li>\n<\/ul>\n\n\n\n<h4 class=\"wp-block-heading\">TERCEROS CON LOS QUE COMPARTIMOS DATOS<\/h4>\n\n\n\n<p>Los terceros que pueden recibir sus datos personales son empresas especializadas en:<\/p>\n\n\n\n<ul class=\"wp-block-list\">\n<li>Servicios de mensajer\u00eda y paqueter\u00eda<\/li>\n\n\n\n<li>Servicios log\u00edsticos<\/li>\n\n\n\n<li>Proveedores de sistemas de gesti\u00f3n de pedidos y env\u00edos<\/li>\n<\/ul>\n\n\n\n<p>Estos terceros est\u00e1n sujetos a obligaciones contractuales estrictas para proteger sus datos personales y utilizarlos exclusivamente para los fines especificados.<\/p>\n\n\n\n<p>CONSENTIMIENTO<strong><br><\/strong>Al aceptar nuestros t\u00e9rminos y condiciones y utilizar nuestros servicios, usted otorga su consentimiento expl\u00edcito para la cesi\u00f3n de sus datos personales a los terceros especificados, con los fines descritos anteriormente.<\/p>\n\n\n\n<p>Nos comprometemos a garantizar la privacidad y protecci\u00f3n de sus datos personales en todo momento. Si tiene alguna pregunta o inquietud sobre c\u00f3mo se manejan sus datos, no dude en ponerse en contacto con nosotros a trav\u00e9s de info@evabenal.com.<\/p>\n\n\n\n<h3 class=\"wp-block-heading\"><strong>DERECHOS DEL USUARIO<\/strong><\/h3>\n\n\n\n<p>Cualquier interesado tiene derecho a obtener confirmaci\u00f3n sobre si estamos tratando datos personales que le conciernan, o no.&nbsp;<\/p>\n\n\n\n<p>Las personas interesadas tienen derecho a acceder a sus datos personales, as\u00ed como a solicitar la rectificaci\u00f3n de los datos inexactos o, en su caso, solicitar su supresi\u00f3n cuando, entre otros motivos, los datos ya no sean necesarios para los fines que fueron recogidos. En determinadas circunstancias, los interesados podr\u00e1n solicitar la limitaci\u00f3n del tratamiento de sus datos, en cuyo caso \u00fanicamente los conservaremos para el ejercicio o la defensa de reclamaciones.&nbsp;<\/p>\n\n\n\n<p>Por motivos relacionados con su situaci\u00f3n particular, los interesados podr\u00e1n oponerse al tratamiento de sus datos. El Responsable del fichero dejar\u00e1 de tratar los datos, salvo por motivos leg\u00edtimos imperiosos, o el ejercicio o la defensa de posibles reclamaciones. De acuerdo con la legislaci\u00f3n vigente tiene los siguientes derechos: derecho a solicitar el acceso a sus datos personales, derecho a solicitar su rectificaci\u00f3n o supresi\u00f3n, derecho a solicitar la limitaci\u00f3n de su tratamiento, derecho a oponerse al tratamiento, derecho a la portabilidad de los datos y as\u00ed mismo, a revocar el consentimiento otorgado. Asimismo, tiene derecho a presentar una reclamaci\u00f3n ante la Agencia Espa\u00f1ola de Protecci\u00f3n de Datos.<\/p>\n\n\n\n<p>Para ejercer sus derechos, debe dirigirse al responsable, solicitando el correspondiente formulario para el ejercicio del derecho elegido. Opcionalmente, puede acudir a la Autoridad de Control competente para obtener informaci\u00f3n adicional acerca de sus derechos. Los datos de contacto para el ejercicio de sus derechos son el correo electr\u00f3nico: info@evabenal.com. Recuerde acompa\u00f1ar una copia de un documento que nos permita identificarle.<\/p>\n","protected":false},"excerpt":{"rendered":"<p>POL\u00cdTICA DE PRIVACIDAD RESPONSABLE DEL TRATAMIENTO Denominaci\u00f3n Social: Eva Benavent, en adelante, \u00abel prestador\u00bb. Nombre Comercial: Eva Benal Correo electr\u00f3nico: info@evabenal.com NORMATIVA APLICABLE Nuestra Pol\u00edtica de Privacidad se ha dise\u00f1ado de acuerdo con el Reglamento General de Protecci\u00f3n de Datos de la UE 2016\/679 del Parlamento Europeo y del Consejo, de 27 de abril de [&hellip;]<\/p>\n","protected":false},"author":1,"featured_media":0,"parent":0,"menu_order":0,"comment_status":"closed","ping_status":"closed","template":"","meta":{"footnotes":""},"class_list":["post-583","page","type-page","status-publish","hentry"],"blocksy_meta":[],"yoast_head":"<!-- This site is optimized with the Yoast SEO plugin v27.4 - https:\/\/yoast.com\/product\/yoast-seo-wordpress\/ -->\n<title>POL\u00cdTICA DE PRIVACIDAD - Eva Benal<\/title>\n<meta name=\"robots\" content=\"index, follow, max-snippet:-1, max-image-preview:large, max-video-preview:-1\" \/>\n<link rel=\"canonical\" href=\"https:\/\/evabenal.com\/es\/politica-de-privacidad\/\" \/>\n<meta property=\"og:locale\" content=\"es_ES\" \/>\n<meta property=\"og:type\" content=\"article\" \/>\n<meta property=\"og:title\" content=\"POL\u00cdTICA DE PRIVACIDAD - Eva Benal\" \/>\n<meta property=\"og:description\" content=\"POL\u00cdTICA DE PRIVACIDAD RESPONSABLE DEL TRATAMIENTO Denominaci\u00f3n Social: Eva Benavent, en adelante, \u00abel prestador\u00bb. Nombre Comercial: Eva Benal Correo electr\u00f3nico: info@evabenal.com NORMATIVA APLICABLE Nuestra Pol\u00edtica de Privacidad se ha dise\u00f1ado de acuerdo con el Reglamento General de Protecci\u00f3n de Datos de la UE 2016\/679 del Parlamento Europeo y del Consejo, de 27 de abril de [&hellip;]\" \/>\n<meta property=\"og:url\" content=\"https:\/\/evabenal.com\/es\/politica-de-privacidad\/\" \/>\n<meta property=\"og:site_name\" content=\"Eva Benal\" \/>\n<meta property=\"article:publisher\" content=\"https:\/\/www.facebook.com\/evabenalph\" \/>\n<meta property=\"article:modified_time\" content=\"2024-06-06T17:39:14+00:00\" \/>\n<meta name=\"twitter:card\" content=\"summary_large_image\" \/>\n<meta name=\"twitter:site\" content=\"@evabenal\" \/>\n<meta name=\"twitter:label1\" content=\"Tiempo de lectura\" \/>\n\t<meta name=\"twitter:data1\" content=\"7 minutos\" \/>\n<script type=\"application\/ld+json\" class=\"yoast-schema-graph\">{\"@context\":\"https:\\\/\\\/schema.org\",\"@graph\":[{\"@type\":\"WebPage\",\"@id\":\"https:\\\/\\\/evabenal.com\\\/politica-de-privacidad\\\/\",\"url\":\"https:\\\/\\\/evabenal.com\\\/politica-de-privacidad\\\/\",\"name\":\"POL\u00cdTICA DE PRIVACIDAD - Eva Benal\",\"isPartOf\":{\"@id\":\"https:\\\/\\\/evabenal.com\\\/#website\"},\"datePublished\":\"2024-06-05T15:32:05+00:00\",\"dateModified\":\"2024-06-06T17:39:14+00:00\",\"breadcrumb\":{\"@id\":\"https:\\\/\\\/evabenal.com\\\/politica-de-privacidad\\\/#breadcrumb\"},\"inLanguage\":\"es\",\"potentialAction\":[{\"@type\":\"ReadAction\",\"target\":[\"https:\\\/\\\/evabenal.com\\\/politica-de-privacidad\\\/\"]}]},{\"@type\":\"BreadcrumbList\",\"@id\":\"https:\\\/\\\/evabenal.com\\\/politica-de-privacidad\\\/#breadcrumb\",\"itemListElement\":[{\"@type\":\"ListItem\",\"position\":1,\"name\":\"Portada\",\"item\":\"https:\\\/\\\/evabenal.com\\\/\"},{\"@type\":\"ListItem\",\"position\":2,\"name\":\"POL\u00cdTICA DE PRIVACIDAD\"}]},{\"@type\":\"WebSite\",\"@id\":\"https:\\\/\\\/evabenal.com\\\/#website\",\"url\":\"https:\\\/\\\/evabenal.com\\\/\",\"name\":\"Eva Benal\",\"description\":\"My name is Eva Benal, I am a visual and 3D artist\",\"publisher\":{\"@id\":\"https:\\\/\\\/evabenal.com\\\/#\\\/schema\\\/person\\\/f83ae42c801fcce05a27956faf973660\"},\"potentialAction\":[{\"@type\":\"SearchAction\",\"target\":{\"@type\":\"EntryPoint\",\"urlTemplate\":\"https:\\\/\\\/evabenal.com\\\/?s={search_term_string}\"},\"query-input\":{\"@type\":\"PropertyValueSpecification\",\"valueRequired\":true,\"valueName\":\"search_term_string\"}}],\"inLanguage\":\"es\"},{\"@type\":[\"Person\",\"Organization\"],\"@id\":\"https:\\\/\\\/evabenal.com\\\/#\\\/schema\\\/person\\\/f83ae42c801fcce05a27956faf973660\",\"name\":\"evabenal\",\"image\":{\"@type\":\"ImageObject\",\"inLanguage\":\"es\",\"@id\":\"https:\\\/\\\/evabenal.com\\\/wp-content\\\/uploads\\\/2024\\\/01\\\/Benal_Eva_Imaginacio_2.jpg\",\"url\":\"https:\\\/\\\/evabenal.com\\\/wp-content\\\/uploads\\\/2024\\\/01\\\/Benal_Eva_Imaginacio_2.jpg\",\"contentUrl\":\"https:\\\/\\\/evabenal.com\\\/wp-content\\\/uploads\\\/2024\\\/01\\\/Benal_Eva_Imaginacio_2.jpg\",\"width\":824,\"height\":1024,\"caption\":\"evabenal\"},\"logo\":{\"@id\":\"https:\\\/\\\/evabenal.com\\\/wp-content\\\/uploads\\\/2024\\\/01\\\/Benal_Eva_Imaginacio_2.jpg\"},\"sameAs\":[\"https:\\\/\\\/evabenal.com\",\"https:\\\/\\\/www.facebook.com\\\/evabenalph\",\"https:\\\/\\\/www.instagram.com\\\/evabenal\\\/\",\"https:\\\/\\\/x.com\\\/https:\\\/\\\/twitter.com\\\/evabenal\"]}]}<\/script>\n<!-- \/ Yoast SEO plugin. -->","yoast_head_json":{"title":"POL\u00cdTICA DE PRIVACIDAD - Eva Benal","robots":{"index":"index","follow":"follow","max-snippet":"max-snippet:-1","max-image-preview":"max-image-preview:large","max-video-preview":"max-video-preview:-1"},"canonical":"https:\/\/evabenal.com\/es\/politica-de-privacidad\/","og_locale":"es_ES","og_type":"article","og_title":"POL\u00cdTICA DE PRIVACIDAD - Eva Benal","og_description":"POL\u00cdTICA DE PRIVACIDAD RESPONSABLE DEL TRATAMIENTO Denominaci\u00f3n Social: Eva Benavent, en adelante, \u00abel prestador\u00bb. Nombre Comercial: Eva Benal Correo electr\u00f3nico: info@evabenal.com NORMATIVA APLICABLE Nuestra Pol\u00edtica de Privacidad se ha dise\u00f1ado de acuerdo con el Reglamento General de Protecci\u00f3n de Datos de la UE 2016\/679 del Parlamento Europeo y del Consejo, de 27 de abril de [&hellip;]","og_url":"https:\/\/evabenal.com\/es\/politica-de-privacidad\/","og_site_name":"Eva Benal","article_publisher":"https:\/\/www.facebook.com\/evabenalph","article_modified_time":"2024-06-06T17:39:14+00:00","twitter_card":"summary_large_image","twitter_site":"@evabenal","twitter_misc":{"Tiempo de lectura":"7 minutos"},"schema":{"@context":"https:\/\/schema.org","@graph":[{"@type":"WebPage","@id":"https:\/\/evabenal.com\/politica-de-privacidad\/","url":"https:\/\/evabenal.com\/politica-de-privacidad\/","name":"POL\u00cdTICA DE PRIVACIDAD - Eva Benal","isPartOf":{"@id":"https:\/\/evabenal.com\/#website"},"datePublished":"2024-06-05T15:32:05+00:00","dateModified":"2024-06-06T17:39:14+00:00","breadcrumb":{"@id":"https:\/\/evabenal.com\/politica-de-privacidad\/#breadcrumb"},"inLanguage":"es","potentialAction":[{"@type":"ReadAction","target":["https:\/\/evabenal.com\/politica-de-privacidad\/"]}]},{"@type":"BreadcrumbList","@id":"https:\/\/evabenal.com\/politica-de-privacidad\/#breadcrumb","itemListElement":[{"@type":"ListItem","position":1,"name":"Portada","item":"https:\/\/evabenal.com\/"},{"@type":"ListItem","position":2,"name":"POL\u00cdTICA DE PRIVACIDAD"}]},{"@type":"WebSite","@id":"https:\/\/evabenal.com\/#website","url":"https:\/\/evabenal.com\/","name":"Eva Benal","description":"My name is Eva Benal, I am a visual and 3D artist","publisher":{"@id":"https:\/\/evabenal.com\/#\/schema\/person\/f83ae42c801fcce05a27956faf973660"},"potentialAction":[{"@type":"SearchAction","target":{"@type":"EntryPoint","urlTemplate":"https:\/\/evabenal.com\/?s={search_term_string}"},"query-input":{"@type":"PropertyValueSpecification","valueRequired":true,"valueName":"search_term_string"}}],"inLanguage":"es"},{"@type":["Person","Organization"],"@id":"https:\/\/evabenal.com\/#\/schema\/person\/f83ae42c801fcce05a27956faf973660","name":"evabenal","image":{"@type":"ImageObject","inLanguage":"es","@id":"https:\/\/evabenal.com\/wp-content\/uploads\/2024\/01\/Benal_Eva_Imaginacio_2.jpg","url":"https:\/\/evabenal.com\/wp-content\/uploads\/2024\/01\/Benal_Eva_Imaginacio_2.jpg","contentUrl":"https:\/\/evabenal.com\/wp-content\/uploads\/2024\/01\/Benal_Eva_Imaginacio_2.jpg","width":824,"height":1024,"caption":"evabenal"},"logo":{"@id":"https:\/\/evabenal.com\/wp-content\/uploads\/2024\/01\/Benal_Eva_Imaginacio_2.jpg"},"sameAs":["https:\/\/evabenal.com","https:\/\/www.facebook.com\/evabenalph","https:\/\/www.instagram.com\/evabenal\/","https:\/\/x.com\/https:\/\/twitter.com\/evabenal"]}]}},"jetpack_sharing_enabled":true,"_links":{"self":[{"href":"https:\/\/evabenal.com\/es\/wp-json\/wp\/v2\/pages\/583","targetHints":{"allow":["GET"]}}],"collection":[{"href":"https:\/\/evabenal.com\/es\/wp-json\/wp\/v2\/pages"}],"about":[{"href":"https:\/\/evabenal.com\/es\/wp-json\/wp\/v2\/types\/page"}],"author":[{"embeddable":true,"href":"https:\/\/evabenal.com\/es\/wp-json\/wp\/v2\/users\/1"}],"replies":[{"embeddable":true,"href":"https:\/\/evabenal.com\/es\/wp-json\/wp\/v2\/comments?post=583"}],"version-history":[{"count":0,"href":"https:\/\/evabenal.com\/es\/wp-json\/wp\/v2\/pages\/583\/revisions"}],"wp:attachment":[{"href":"https:\/\/evabenal.com\/es\/wp-json\/wp\/v2\/media?parent=583"}],"curies":[{"name":"wp","href":"https:\/\/api.w.org\/{rel}","templated":true}]}}