{"id":135,"date":"2024-01-16T11:39:31","date_gmt":"2024-01-16T10:39:31","guid":{"rendered":"http:\/\/localhost\/wordpress\/?post_type=product&#038;p=135"},"modified":"2024-08-16T11:38:35","modified_gmt":"2024-08-16T09:38:35","slug":"wanderlust-canvi","status":"publish","type":"product","link":"https:\/\/evabenal.com\/es\/producto\/wanderlust-canvi\/","title":{"rendered":"Wanderlust: Canvi"},"content":{"rendered":"<p><span style=\"font-weight: 400;\">Esta es una edici\u00f3n limitada Fine Art Glic\u00e9e Print firmada por Eva Benal. Cada copia, firmada a mano y numerada, est\u00e1 acompa\u00f1ada de un certificado de autenticidad.\u00a0<\/span><\/p>\n<ul>\n<li style=\"font-weight: 400;\" aria-level=\"1\"><span style=\"font-weight: 400;\">Special size &#8211; 30 copias<\/span>\n<ul>\n<li style=\"font-weight: 400;\" aria-level=\"2\"><span style=\"font-weight: 400;\">Papel: Hahnem\u00fchle Photo Rag Bright White 310 gr con acabado limpio mate<\/span><\/li>\n<li style=\"font-weight: 400;\" aria-level=\"2\"><span style=\"font-weight: 400;\">Print size: 23&#215;23<\/span><\/li>\n<li style=\"font-weight: 400;\" aria-level=\"2\"><span style=\"font-weight: 400;\">Image size:<\/span><\/li>\n<\/ul>\n<\/li>\n<\/ul>\n<p>&nbsp;<\/p>\n<p><span style=\"font-weight: 400;\">La impresi\u00f3n se env\u00eda sin enmarcar.<\/span><\/p>\n<p><span style=\"font-weight: 400;\">Los gastos de env\u00edo de la impresi\u00f3n son gratuitos.<\/span><\/p>\n","protected":false},"excerpt":{"rendered":"<p><span style=\"font-weight: 400;\">Esta es una edici\u00f3n limitada Fine Art Glic\u00e9e Print firmada por Eva Benal. Cada copia, firmada a mano y numerada, est\u00e1 acompa\u00f1ada de un certificado de autenticidad.<\/span><\/p>\n<p><span style=\"font-weight: 400;\">La impresi\u00f3n se env\u00eda sin enmarcar.<\/span><\/p>\n<p><span style=\"font-weight: 400;\">Los gastos de env\u00edo de la impresi\u00f3n son gratuitos.<\/span><\/p>\n","protected":false},"featured_media":721,"comment_status":"open","ping_status":"closed","template":"","meta":[],"product_brand":[],"product_cat":[28],"product_tag":[],"class_list":{"0":"post-135","1":"product","2":"type-product","3":"status-publish","4":"has-post-thumbnail","6":"product_cat-limited-print","7":"product_shipping_class-envio-estandar","9":"first","10":"instock","11":"shipping-taxable","12":"purchasable","13":"product-type-simple"},"yoast_head":"<!-- This site is optimized with the Yoast SEO plugin v27.3 - https:\/\/yoast.com\/product\/yoast-seo-wordpress\/ -->\n<title>Wanderlust: Canvi - Eva Benal<\/title>\n<meta name=\"robots\" content=\"index, follow, max-snippet:-1, max-image-preview:large, max-video-preview:-1\" \/>\n<link rel=\"canonical\" href=\"https:\/\/evabenal.com\/es\/producto\/wanderlust-canvi\/\" \/>\n<meta property=\"og:locale\" content=\"es_ES\" \/>\n<meta property=\"og:type\" content=\"article\" \/>\n<meta property=\"og:title\" content=\"Wanderlust: Canvi - Eva Benal\" \/>\n<meta property=\"og:description\" content=\"Esta es una edici\u00f3n limitada Fine Art Glic\u00e9e Print firmada por Eva Benal. Cada copia, firmada a mano y numerada, est\u00e1 acompa\u00f1ada de un certificado de autenticidad.  La impresi\u00f3n se env\u00eda sin enmarcar.  Los gastos de env\u00edo de la impresi\u00f3n son gratuitos.\" \/>\n<meta property=\"og:url\" content=\"https:\/\/evabenal.com\/es\/producto\/wanderlust-canvi\/\" \/>\n<meta property=\"og:site_name\" content=\"Eva Benal\" \/>\n<meta property=\"article:publisher\" content=\"https:\/\/www.facebook.com\/evabenalph\" \/>\n<meta property=\"article:modified_time\" content=\"2024-08-16T09:38:35+00:00\" \/>\n<meta property=\"og:image\" content=\"https:\/\/evabenal.com\/wp-content\/uploads\/2024\/06\/canvi_nm-min-scaled.jpg\" \/>\n\t<meta property=\"og:image:width\" content=\"2560\" \/>\n\t<meta property=\"og:image:height\" content=\"2560\" \/>\n\t<meta property=\"og:image:type\" content=\"image\/jpeg\" \/>\n<meta name=\"twitter:card\" content=\"summary_large_image\" \/>\n<meta name=\"twitter:site\" content=\"@evabenal\" \/>\n<meta name=\"twitter:label1\" content=\"Tiempo de lectura\" \/>\n\t<meta name=\"twitter:data1\" content=\"1 minuto\" \/>\n<script type=\"application\/ld+json\" class=\"yoast-schema-graph\">{\"@context\":\"https:\\\/\\\/schema.org\",\"@graph\":[{\"@type\":\"WebPage\",\"@id\":\"https:\\\/\\\/evabenal.com\\\/producto\\\/wanderlust-canvi\\\/\",\"url\":\"https:\\\/\\\/evabenal.com\\\/producto\\\/wanderlust-canvi\\\/\",\"name\":\"Wanderlust: Canvi - Eva Benal\",\"isPartOf\":{\"@id\":\"https:\\\/\\\/evabenal.com\\\/#website\"},\"primaryImageOfPage\":{\"@id\":\"https:\\\/\\\/evabenal.com\\\/producto\\\/wanderlust-canvi\\\/#primaryimage\"},\"image\":{\"@id\":\"https:\\\/\\\/evabenal.com\\\/producto\\\/wanderlust-canvi\\\/#primaryimage\"},\"thumbnailUrl\":\"https:\\\/\\\/i0.wp.com\\\/evabenal.com\\\/wp-content\\\/uploads\\\/2024\\\/06\\\/canvi_nm-min-scaled.jpg?fit=2560%2C2560&ssl=1\",\"datePublished\":\"2024-01-16T10:39:31+00:00\",\"dateModified\":\"2024-08-16T09:38:35+00:00\",\"breadcrumb\":{\"@id\":\"https:\\\/\\\/evabenal.com\\\/producto\\\/wanderlust-canvi\\\/#breadcrumb\"},\"inLanguage\":\"es\",\"potentialAction\":[{\"@type\":\"ReadAction\",\"target\":[\"https:\\\/\\\/evabenal.com\\\/producto\\\/wanderlust-canvi\\\/\"]}]},{\"@type\":\"ImageObject\",\"inLanguage\":\"es\",\"@id\":\"https:\\\/\\\/evabenal.com\\\/producto\\\/wanderlust-canvi\\\/#primaryimage\",\"url\":\"https:\\\/\\\/i0.wp.com\\\/evabenal.com\\\/wp-content\\\/uploads\\\/2024\\\/06\\\/canvi_nm-min-scaled.jpg?fit=2560%2C2560&ssl=1\",\"contentUrl\":\"https:\\\/\\\/i0.wp.com\\\/evabenal.com\\\/wp-content\\\/uploads\\\/2024\\\/06\\\/canvi_nm-min-scaled.jpg?fit=2560%2C2560&ssl=1\",\"width\":2560,\"height\":2560},{\"@type\":\"BreadcrumbList\",\"@id\":\"https:\\\/\\\/evabenal.com\\\/producto\\\/wanderlust-canvi\\\/#breadcrumb\",\"itemListElement\":[{\"@type\":\"ListItem\",\"position\":1,\"name\":\"Portada\",\"item\":\"https:\\\/\\\/evabenal.com\\\/\"},{\"@type\":\"ListItem\",\"position\":2,\"name\":\"Tienda\",\"item\":\"https:\\\/\\\/evabenal.com\\\/tienda\\\/\"},{\"@type\":\"ListItem\",\"position\":3,\"name\":\"Wanderlust: Canvi\"}]},{\"@type\":\"WebSite\",\"@id\":\"https:\\\/\\\/evabenal.com\\\/#website\",\"url\":\"https:\\\/\\\/evabenal.com\\\/\",\"name\":\"Eva Benal\",\"description\":\"My name is Eva Benal, I am a visual and 3D artist\",\"publisher\":{\"@id\":\"https:\\\/\\\/evabenal.com\\\/#\\\/schema\\\/person\\\/f83ae42c801fcce05a27956faf973660\"},\"potentialAction\":[{\"@type\":\"SearchAction\",\"target\":{\"@type\":\"EntryPoint\",\"urlTemplate\":\"https:\\\/\\\/evabenal.com\\\/?s={search_term_string}\"},\"query-input\":{\"@type\":\"PropertyValueSpecification\",\"valueRequired\":true,\"valueName\":\"search_term_string\"}}],\"inLanguage\":\"es\"},{\"@type\":[\"Person\",\"Organization\"],\"@id\":\"https:\\\/\\\/evabenal.com\\\/#\\\/schema\\\/person\\\/f83ae42c801fcce05a27956faf973660\",\"name\":\"evabenal\",\"image\":{\"@type\":\"ImageObject\",\"inLanguage\":\"es\",\"@id\":\"https:\\\/\\\/evabenal.com\\\/wp-content\\\/uploads\\\/2024\\\/01\\\/Benal_Eva_Imaginacio_2.jpg\",\"url\":\"https:\\\/\\\/evabenal.com\\\/wp-content\\\/uploads\\\/2024\\\/01\\\/Benal_Eva_Imaginacio_2.jpg\",\"contentUrl\":\"https:\\\/\\\/evabenal.com\\\/wp-content\\\/uploads\\\/2024\\\/01\\\/Benal_Eva_Imaginacio_2.jpg\",\"width\":824,\"height\":1024,\"caption\":\"evabenal\"},\"logo\":{\"@id\":\"https:\\\/\\\/evabenal.com\\\/wp-content\\\/uploads\\\/2024\\\/01\\\/Benal_Eva_Imaginacio_2.jpg\"},\"sameAs\":[\"https:\\\/\\\/evabenal.com\",\"https:\\\/\\\/www.facebook.com\\\/evabenalph\",\"https:\\\/\\\/www.instagram.com\\\/evabenal\\\/\",\"https:\\\/\\\/x.com\\\/https:\\\/\\\/twitter.com\\\/evabenal\"]}]}<\/script>\n<!-- \/ Yoast SEO plugin. -->","yoast_head_json":{"title":"Wanderlust: Canvi - Eva Benal","robots":{"index":"index","follow":"follow","max-snippet":"max-snippet:-1","max-image-preview":"max-image-preview:large","max-video-preview":"max-video-preview:-1"},"canonical":"https:\/\/evabenal.com\/es\/producto\/wanderlust-canvi\/","og_locale":"es_ES","og_type":"article","og_title":"Wanderlust: Canvi - Eva Benal","og_description":"Esta es una edici\u00f3n limitada Fine Art Glic\u00e9e Print firmada por Eva Benal. Cada copia, firmada a mano y numerada, est\u00e1 acompa\u00f1ada de un certificado de autenticidad.  La impresi\u00f3n se env\u00eda sin enmarcar.  Los gastos de env\u00edo de la impresi\u00f3n son gratuitos.","og_url":"https:\/\/evabenal.com\/es\/producto\/wanderlust-canvi\/","og_site_name":"Eva Benal","article_publisher":"https:\/\/www.facebook.com\/evabenalph","article_modified_time":"2024-08-16T09:38:35+00:00","og_image":[{"width":2560,"height":2560,"url":"https:\/\/evabenal.com\/wp-content\/uploads\/2024\/06\/canvi_nm-min-scaled.jpg","type":"image\/jpeg"}],"twitter_card":"summary_large_image","twitter_site":"@evabenal","twitter_misc":{"Tiempo de lectura":"1 minuto"},"schema":{"@context":"https:\/\/schema.org","@graph":[{"@type":"WebPage","@id":"https:\/\/evabenal.com\/producto\/wanderlust-canvi\/","url":"https:\/\/evabenal.com\/producto\/wanderlust-canvi\/","name":"Wanderlust: Canvi - Eva Benal","isPartOf":{"@id":"https:\/\/evabenal.com\/#website"},"primaryImageOfPage":{"@id":"https:\/\/evabenal.com\/producto\/wanderlust-canvi\/#primaryimage"},"image":{"@id":"https:\/\/evabenal.com\/producto\/wanderlust-canvi\/#primaryimage"},"thumbnailUrl":"https:\/\/i0.wp.com\/evabenal.com\/wp-content\/uploads\/2024\/06\/canvi_nm-min-scaled.jpg?fit=2560%2C2560&ssl=1","datePublished":"2024-01-16T10:39:31+00:00","dateModified":"2024-08-16T09:38:35+00:00","breadcrumb":{"@id":"https:\/\/evabenal.com\/producto\/wanderlust-canvi\/#breadcrumb"},"inLanguage":"es","potentialAction":[{"@type":"ReadAction","target":["https:\/\/evabenal.com\/producto\/wanderlust-canvi\/"]}]},{"@type":"ImageObject","inLanguage":"es","@id":"https:\/\/evabenal.com\/producto\/wanderlust-canvi\/#primaryimage","url":"https:\/\/i0.wp.com\/evabenal.com\/wp-content\/uploads\/2024\/06\/canvi_nm-min-scaled.jpg?fit=2560%2C2560&ssl=1","contentUrl":"https:\/\/i0.wp.com\/evabenal.com\/wp-content\/uploads\/2024\/06\/canvi_nm-min-scaled.jpg?fit=2560%2C2560&ssl=1","width":2560,"height":2560},{"@type":"BreadcrumbList","@id":"https:\/\/evabenal.com\/producto\/wanderlust-canvi\/#breadcrumb","itemListElement":[{"@type":"ListItem","position":1,"name":"Portada","item":"https:\/\/evabenal.com\/"},{"@type":"ListItem","position":2,"name":"Tienda","item":"https:\/\/evabenal.com\/tienda\/"},{"@type":"ListItem","position":3,"name":"Wanderlust: Canvi"}]},{"@type":"WebSite","@id":"https:\/\/evabenal.com\/#website","url":"https:\/\/evabenal.com\/","name":"Eva Benal","description":"My name is Eva Benal, I am a visual and 3D artist","publisher":{"@id":"https:\/\/evabenal.com\/#\/schema\/person\/f83ae42c801fcce05a27956faf973660"},"potentialAction":[{"@type":"SearchAction","target":{"@type":"EntryPoint","urlTemplate":"https:\/\/evabenal.com\/?s={search_term_string}"},"query-input":{"@type":"PropertyValueSpecification","valueRequired":true,"valueName":"search_term_string"}}],"inLanguage":"es"},{"@type":["Person","Organization"],"@id":"https:\/\/evabenal.com\/#\/schema\/person\/f83ae42c801fcce05a27956faf973660","name":"evabenal","image":{"@type":"ImageObject","inLanguage":"es","@id":"https:\/\/evabenal.com\/wp-content\/uploads\/2024\/01\/Benal_Eva_Imaginacio_2.jpg","url":"https:\/\/evabenal.com\/wp-content\/uploads\/2024\/01\/Benal_Eva_Imaginacio_2.jpg","contentUrl":"https:\/\/evabenal.com\/wp-content\/uploads\/2024\/01\/Benal_Eva_Imaginacio_2.jpg","width":824,"height":1024,"caption":"evabenal"},"logo":{"@id":"https:\/\/evabenal.com\/wp-content\/uploads\/2024\/01\/Benal_Eva_Imaginacio_2.jpg"},"sameAs":["https:\/\/evabenal.com","https:\/\/www.facebook.com\/evabenalph","https:\/\/www.instagram.com\/evabenal\/","https:\/\/x.com\/https:\/\/twitter.com\/evabenal"]}]}},"jetpack_sharing_enabled":true,"_links":{"self":[{"href":"https:\/\/evabenal.com\/es\/wp-json\/wp\/v2\/product\/135","targetHints":{"allow":["GET"]}}],"collection":[{"href":"https:\/\/evabenal.com\/es\/wp-json\/wp\/v2\/product"}],"about":[{"href":"https:\/\/evabenal.com\/es\/wp-json\/wp\/v2\/types\/product"}],"replies":[{"embeddable":true,"href":"https:\/\/evabenal.com\/es\/wp-json\/wp\/v2\/comments?post=135"}],"wp:featuredmedia":[{"embeddable":true,"href":"https:\/\/evabenal.com\/es\/wp-json\/wp\/v2\/media\/721"}],"wp:attachment":[{"href":"https:\/\/evabenal.com\/es\/wp-json\/wp\/v2\/media?parent=135"}],"wp:term":[{"taxonomy":"product_brand","embeddable":true,"href":"https:\/\/evabenal.com\/es\/wp-json\/wp\/v2\/product_brand?post=135"},{"taxonomy":"product_cat","embeddable":true,"href":"https:\/\/evabenal.com\/es\/wp-json\/wp\/v2\/product_cat?post=135"},{"taxonomy":"product_tag","embeddable":true,"href":"https:\/\/evabenal.com\/es\/wp-json\/wp\/v2\/product_tag?post=135"}],"curies":[{"name":"wp","href":"https:\/\/api.w.org\/{rel}","templated":true}]}}