{"id":251,"date":"2024-08-08T12:23:41","date_gmt":"2024-08-08T10:23:41","guid":{"rendered":"http:\/\/localhost\/wordpress\/?post_type=product&#038;p=251"},"modified":"2024-11-05T18:29:14","modified_gmt":"2024-11-05T17:29:14","slug":"el-meu-nuvol-blanc-2","status":"publish","type":"product","link":"https:\/\/evabenal.com\/es\/producto\/el-meu-nuvol-blanc-2\/","title":{"rendered":"El meu n\u00favol blanc"},"content":{"rendered":"<p><b>Descripci\u00f3n:<\/b><\/p>\n<p><span style=\"font-weight: 400;\">Nuestro papel blanco mate premium de mayor gramaje tiene un acabado natural y suave sin estucar que resulta lujoso al tacto.<\/span><\/p>\n<ul>\n<li style=\"font-weight: 400;\"><span style=\"font-weight: 400;\">El gramaje de 200 g\/m\u00b2 lo hace resistente y duradero. La opci\u00f3n perfecta para resistir el paso del tiempo.<\/span><\/li>\n<li style=\"font-weight: 400;\"><span style=\"font-weight: 400;\">Servicio de enmarcado: Si seleccionas un marco, enmarcamos el p\u00f3ster por ti para que est\u00e9 listo para colgar cuando lo recibas.<\/span><\/li>\n<li style=\"font-weight: 400;\"><span style=\"font-weight: 400;\">Los marcos son de pino y est\u00e1n disponibles en 4 colores: negro, blanco, madera natural y madera marr\u00f3n oscuro. Su grosor y anchura son el equilibrio perfecto entre estilo y durabilidad.<\/span><\/li>\n<li style=\"font-weight: 400;\"><span style=\"font-weight: 400;\">El p\u00f3ster est\u00e1 listo para colgar directamente en la pared cuando se entrega dentro del marco.\u00a0<\/span><\/li>\n<li style=\"font-weight: 400;\"><span style=\"font-weight: 400;\">Todos los p\u00f3steres y marcos se env\u00edan en un embalaje resistente que garantiza que lleguen en perfectas condiciones.<\/span><\/li>\n<li style=\"font-weight: 400;\"><span style=\"font-weight: 400;\">El precio incluye env\u00edo, marco opcional y listo para colgar.<\/span><\/li>\n<\/ul>\n","protected":false},"excerpt":{"rendered":"<p><span style=\"font-weight: 400;\">ART WALL EL MEU N\u00daVOL BLANC POSTER<\/span><\/p>\n<ul>\n<li style=\"font-weight: 400;\" aria-level=\"1\"><span style=\"font-weight: 400;\">+1.000 clientes disfrutan mi arte<\/span><\/li>\n<li style=\"font-weight: 400;\" aria-level=\"1\"><span style=\"font-weight: 400;\">100% preparado para colgar<\/span><\/li>\n<li style=\"font-weight: 400;\" aria-level=\"1\"><span style=\"font-weight: 400;\">Tama\u00f1o y marco customizable<\/span><\/li>\n<li style=\"font-weight: 400;\" aria-level=\"1\"><span style=\"font-weight: 400;\">Env\u00edo hasta a <\/span><b>25<\/b><span style=\"font-weight: 400;\"> pa\u00edses gratis.<\/span><\/li>\n<li style=\"font-weight: 400;\" aria-level=\"1\"><span style=\"font-weight: 400;\">Entrega aproximada en 3-5 d\u00edas laborables.<\/span><\/li>\n<\/ul>\n","protected":false},"featured_media":890,"comment_status":"closed","ping_status":"closed","template":"","meta":[],"product_brand":[],"product_cat":[29],"product_tag":[],"class_list":{"0":"post-251","1":"product","2":"type-product","3":"status-publish","4":"has-post-thumbnail","6":"product_cat-open-print","7":"product_shipping_class-envio-estandar","9":"first","10":"instock","11":"shipping-taxable","12":"purchasable","13":"product-type-variable"},"yoast_head":"<!-- This site is optimized with the Yoast SEO plugin v27.3 - https:\/\/yoast.com\/product\/yoast-seo-wordpress\/ -->\n<title>El meu n\u00favol blanc - Eva Benal<\/title>\n<meta name=\"robots\" content=\"index, follow, max-snippet:-1, max-image-preview:large, max-video-preview:-1\" \/>\n<link rel=\"canonical\" href=\"https:\/\/evabenal.com\/es\/producto\/el-meu-nuvol-blanc-2\/\" \/>\n<meta property=\"og:locale\" content=\"es_ES\" \/>\n<meta property=\"og:type\" content=\"article\" \/>\n<meta property=\"og:title\" content=\"El meu n\u00favol blanc - Eva Benal\" \/>\n<meta property=\"og:description\" content=\"ART WALL EL MEU N\u00daVOL BLANC POSTER   +1.000 clientes disfrutan mi arte  100% preparado para colgar  Tama\u00f1o y marco customizable  Env\u00edo hasta a 25 pa\u00edses gratis.  Entrega aproximada en 3-5 d\u00edas laborables.\" \/>\n<meta property=\"og:url\" content=\"https:\/\/evabenal.com\/es\/producto\/el-meu-nuvol-blanc-2\/\" \/>\n<meta property=\"og:site_name\" content=\"Eva Benal\" \/>\n<meta property=\"article:publisher\" content=\"https:\/\/www.facebook.com\/evabenalph\" \/>\n<meta property=\"article:modified_time\" content=\"2024-11-05T17:29:14+00:00\" \/>\n<meta property=\"og:image\" content=\"https:\/\/evabenal.com\/wp-content\/uploads\/2024\/04\/ELMEUNUVOLBLANC-scaled.jpg\" \/>\n\t<meta property=\"og:image:width\" content=\"2560\" \/>\n\t<meta property=\"og:image:height\" content=\"1707\" \/>\n\t<meta property=\"og:image:type\" content=\"image\/jpeg\" \/>\n<meta name=\"twitter:card\" content=\"summary_large_image\" \/>\n<meta name=\"twitter:site\" content=\"@evabenal\" \/>\n<meta name=\"twitter:label1\" content=\"Tiempo de lectura\" \/>\n\t<meta name=\"twitter:data1\" content=\"1 minuto\" \/>\n<script type=\"application\/ld+json\" class=\"yoast-schema-graph\">{\"@context\":\"https:\\\/\\\/schema.org\",\"@graph\":[{\"@type\":\"WebPage\",\"@id\":\"https:\\\/\\\/evabenal.com\\\/producto\\\/el-meu-nuvol-blanc-2\\\/\",\"url\":\"https:\\\/\\\/evabenal.com\\\/producto\\\/el-meu-nuvol-blanc-2\\\/\",\"name\":\"El meu n\u00favol blanc - Eva Benal\",\"isPartOf\":{\"@id\":\"https:\\\/\\\/evabenal.com\\\/#website\"},\"primaryImageOfPage\":{\"@id\":\"https:\\\/\\\/evabenal.com\\\/producto\\\/el-meu-nuvol-blanc-2\\\/#primaryimage\"},\"image\":{\"@id\":\"https:\\\/\\\/evabenal.com\\\/producto\\\/el-meu-nuvol-blanc-2\\\/#primaryimage\"},\"thumbnailUrl\":\"https:\\\/\\\/i0.wp.com\\\/evabenal.com\\\/wp-content\\\/uploads\\\/2024\\\/04\\\/ELMEUNUVOLBLANC-scaled.jpg?fit=2560%2C1707&ssl=1\",\"datePublished\":\"2024-08-08T10:23:41+00:00\",\"dateModified\":\"2024-11-05T17:29:14+00:00\",\"breadcrumb\":{\"@id\":\"https:\\\/\\\/evabenal.com\\\/producto\\\/el-meu-nuvol-blanc-2\\\/#breadcrumb\"},\"inLanguage\":\"es\",\"potentialAction\":[{\"@type\":\"ReadAction\",\"target\":[\"https:\\\/\\\/evabenal.com\\\/producto\\\/el-meu-nuvol-blanc-2\\\/\"]}]},{\"@type\":\"ImageObject\",\"inLanguage\":\"es\",\"@id\":\"https:\\\/\\\/evabenal.com\\\/producto\\\/el-meu-nuvol-blanc-2\\\/#primaryimage\",\"url\":\"https:\\\/\\\/i0.wp.com\\\/evabenal.com\\\/wp-content\\\/uploads\\\/2024\\\/04\\\/ELMEUNUVOLBLANC-scaled.jpg?fit=2560%2C1707&ssl=1\",\"contentUrl\":\"https:\\\/\\\/i0.wp.com\\\/evabenal.com\\\/wp-content\\\/uploads\\\/2024\\\/04\\\/ELMEUNUVOLBLANC-scaled.jpg?fit=2560%2C1707&ssl=1\",\"width\":2560,\"height\":1707},{\"@type\":\"BreadcrumbList\",\"@id\":\"https:\\\/\\\/evabenal.com\\\/producto\\\/el-meu-nuvol-blanc-2\\\/#breadcrumb\",\"itemListElement\":[{\"@type\":\"ListItem\",\"position\":1,\"name\":\"Portada\",\"item\":\"https:\\\/\\\/evabenal.com\\\/\"},{\"@type\":\"ListItem\",\"position\":2,\"name\":\"Tienda\",\"item\":\"https:\\\/\\\/evabenal.com\\\/tienda\\\/\"},{\"@type\":\"ListItem\",\"position\":3,\"name\":\"El meu n\u00favol blanc\"}]},{\"@type\":\"WebSite\",\"@id\":\"https:\\\/\\\/evabenal.com\\\/#website\",\"url\":\"https:\\\/\\\/evabenal.com\\\/\",\"name\":\"Eva Benal\",\"description\":\"My name is Eva Benal, I am a visual and 3D artist\",\"publisher\":{\"@id\":\"https:\\\/\\\/evabenal.com\\\/#\\\/schema\\\/person\\\/f83ae42c801fcce05a27956faf973660\"},\"potentialAction\":[{\"@type\":\"SearchAction\",\"target\":{\"@type\":\"EntryPoint\",\"urlTemplate\":\"https:\\\/\\\/evabenal.com\\\/?s={search_term_string}\"},\"query-input\":{\"@type\":\"PropertyValueSpecification\",\"valueRequired\":true,\"valueName\":\"search_term_string\"}}],\"inLanguage\":\"es\"},{\"@type\":[\"Person\",\"Organization\"],\"@id\":\"https:\\\/\\\/evabenal.com\\\/#\\\/schema\\\/person\\\/f83ae42c801fcce05a27956faf973660\",\"name\":\"evabenal\",\"image\":{\"@type\":\"ImageObject\",\"inLanguage\":\"es\",\"@id\":\"https:\\\/\\\/evabenal.com\\\/wp-content\\\/uploads\\\/2024\\\/01\\\/Benal_Eva_Imaginacio_2.jpg\",\"url\":\"https:\\\/\\\/evabenal.com\\\/wp-content\\\/uploads\\\/2024\\\/01\\\/Benal_Eva_Imaginacio_2.jpg\",\"contentUrl\":\"https:\\\/\\\/evabenal.com\\\/wp-content\\\/uploads\\\/2024\\\/01\\\/Benal_Eva_Imaginacio_2.jpg\",\"width\":824,\"height\":1024,\"caption\":\"evabenal\"},\"logo\":{\"@id\":\"https:\\\/\\\/evabenal.com\\\/wp-content\\\/uploads\\\/2024\\\/01\\\/Benal_Eva_Imaginacio_2.jpg\"},\"sameAs\":[\"https:\\\/\\\/evabenal.com\",\"https:\\\/\\\/www.facebook.com\\\/evabenalph\",\"https:\\\/\\\/www.instagram.com\\\/evabenal\\\/\",\"https:\\\/\\\/x.com\\\/https:\\\/\\\/twitter.com\\\/evabenal\"]}]}<\/script>\n<!-- \/ Yoast SEO plugin. -->","yoast_head_json":{"title":"El meu n\u00favol blanc - Eva Benal","robots":{"index":"index","follow":"follow","max-snippet":"max-snippet:-1","max-image-preview":"max-image-preview:large","max-video-preview":"max-video-preview:-1"},"canonical":"https:\/\/evabenal.com\/es\/producto\/el-meu-nuvol-blanc-2\/","og_locale":"es_ES","og_type":"article","og_title":"El meu n\u00favol blanc - Eva Benal","og_description":"ART WALL EL MEU N\u00daVOL BLANC POSTER   +1.000 clientes disfrutan mi arte  100% preparado para colgar  Tama\u00f1o y marco customizable  Env\u00edo hasta a 25 pa\u00edses gratis.  Entrega aproximada en 3-5 d\u00edas laborables.","og_url":"https:\/\/evabenal.com\/es\/producto\/el-meu-nuvol-blanc-2\/","og_site_name":"Eva Benal","article_publisher":"https:\/\/www.facebook.com\/evabenalph","article_modified_time":"2024-11-05T17:29:14+00:00","og_image":[{"width":2560,"height":1707,"url":"https:\/\/evabenal.com\/wp-content\/uploads\/2024\/04\/ELMEUNUVOLBLANC-scaled.jpg","type":"image\/jpeg"}],"twitter_card":"summary_large_image","twitter_site":"@evabenal","twitter_misc":{"Tiempo de lectura":"1 minuto"},"schema":{"@context":"https:\/\/schema.org","@graph":[{"@type":"WebPage","@id":"https:\/\/evabenal.com\/producto\/el-meu-nuvol-blanc-2\/","url":"https:\/\/evabenal.com\/producto\/el-meu-nuvol-blanc-2\/","name":"El meu n\u00favol blanc - Eva Benal","isPartOf":{"@id":"https:\/\/evabenal.com\/#website"},"primaryImageOfPage":{"@id":"https:\/\/evabenal.com\/producto\/el-meu-nuvol-blanc-2\/#primaryimage"},"image":{"@id":"https:\/\/evabenal.com\/producto\/el-meu-nuvol-blanc-2\/#primaryimage"},"thumbnailUrl":"https:\/\/i0.wp.com\/evabenal.com\/wp-content\/uploads\/2024\/04\/ELMEUNUVOLBLANC-scaled.jpg?fit=2560%2C1707&ssl=1","datePublished":"2024-08-08T10:23:41+00:00","dateModified":"2024-11-05T17:29:14+00:00","breadcrumb":{"@id":"https:\/\/evabenal.com\/producto\/el-meu-nuvol-blanc-2\/#breadcrumb"},"inLanguage":"es","potentialAction":[{"@type":"ReadAction","target":["https:\/\/evabenal.com\/producto\/el-meu-nuvol-blanc-2\/"]}]},{"@type":"ImageObject","inLanguage":"es","@id":"https:\/\/evabenal.com\/producto\/el-meu-nuvol-blanc-2\/#primaryimage","url":"https:\/\/i0.wp.com\/evabenal.com\/wp-content\/uploads\/2024\/04\/ELMEUNUVOLBLANC-scaled.jpg?fit=2560%2C1707&ssl=1","contentUrl":"https:\/\/i0.wp.com\/evabenal.com\/wp-content\/uploads\/2024\/04\/ELMEUNUVOLBLANC-scaled.jpg?fit=2560%2C1707&ssl=1","width":2560,"height":1707},{"@type":"BreadcrumbList","@id":"https:\/\/evabenal.com\/producto\/el-meu-nuvol-blanc-2\/#breadcrumb","itemListElement":[{"@type":"ListItem","position":1,"name":"Portada","item":"https:\/\/evabenal.com\/"},{"@type":"ListItem","position":2,"name":"Tienda","item":"https:\/\/evabenal.com\/tienda\/"},{"@type":"ListItem","position":3,"name":"El meu n\u00favol blanc"}]},{"@type":"WebSite","@id":"https:\/\/evabenal.com\/#website","url":"https:\/\/evabenal.com\/","name":"Eva Benal","description":"My name is Eva Benal, I am a visual and 3D artist","publisher":{"@id":"https:\/\/evabenal.com\/#\/schema\/person\/f83ae42c801fcce05a27956faf973660"},"potentialAction":[{"@type":"SearchAction","target":{"@type":"EntryPoint","urlTemplate":"https:\/\/evabenal.com\/?s={search_term_string}"},"query-input":{"@type":"PropertyValueSpecification","valueRequired":true,"valueName":"search_term_string"}}],"inLanguage":"es"},{"@type":["Person","Organization"],"@id":"https:\/\/evabenal.com\/#\/schema\/person\/f83ae42c801fcce05a27956faf973660","name":"evabenal","image":{"@type":"ImageObject","inLanguage":"es","@id":"https:\/\/evabenal.com\/wp-content\/uploads\/2024\/01\/Benal_Eva_Imaginacio_2.jpg","url":"https:\/\/evabenal.com\/wp-content\/uploads\/2024\/01\/Benal_Eva_Imaginacio_2.jpg","contentUrl":"https:\/\/evabenal.com\/wp-content\/uploads\/2024\/01\/Benal_Eva_Imaginacio_2.jpg","width":824,"height":1024,"caption":"evabenal"},"logo":{"@id":"https:\/\/evabenal.com\/wp-content\/uploads\/2024\/01\/Benal_Eva_Imaginacio_2.jpg"},"sameAs":["https:\/\/evabenal.com","https:\/\/www.facebook.com\/evabenalph","https:\/\/www.instagram.com\/evabenal\/","https:\/\/x.com\/https:\/\/twitter.com\/evabenal"]}]}},"jetpack_sharing_enabled":true,"_links":{"self":[{"href":"https:\/\/evabenal.com\/es\/wp-json\/wp\/v2\/product\/251","targetHints":{"allow":["GET"]}}],"collection":[{"href":"https:\/\/evabenal.com\/es\/wp-json\/wp\/v2\/product"}],"about":[{"href":"https:\/\/evabenal.com\/es\/wp-json\/wp\/v2\/types\/product"}],"replies":[{"embeddable":true,"href":"https:\/\/evabenal.com\/es\/wp-json\/wp\/v2\/comments?post=251"}],"wp:featuredmedia":[{"embeddable":true,"href":"https:\/\/evabenal.com\/es\/wp-json\/wp\/v2\/media\/890"}],"wp:attachment":[{"href":"https:\/\/evabenal.com\/es\/wp-json\/wp\/v2\/media?parent=251"}],"wp:term":[{"taxonomy":"product_brand","embeddable":true,"href":"https:\/\/evabenal.com\/es\/wp-json\/wp\/v2\/product_brand?post=251"},{"taxonomy":"product_cat","embeddable":true,"href":"https:\/\/evabenal.com\/es\/wp-json\/wp\/v2\/product_cat?post=251"},{"taxonomy":"product_tag","embeddable":true,"href":"https:\/\/evabenal.com\/es\/wp-json\/wp\/v2\/product_tag?post=251"}],"curies":[{"name":"wp","href":"https:\/\/api.w.org\/{rel}","templated":true}]}}